{"id":7208,"date":"2014-05-07T07:48:00","date_gmt":"2014-05-07T07:48:00","guid":{"rendered":"http:\/\/www.imagenia.eu\/?page_id=7208"},"modified":"2023-12-26T22:10:49","modified_gmt":"2023-12-26T22:10:49","slug":"anfang","status":"publish","type":"page","link":"https:\/\/www.imagenia.eu\/de\/","title":{"rendered":"Anfang"},"content":{"rendered":"<p><div class=\"fusion-fullwidth fullwidth-box fusion-builder-row-1 hundred-percent-fullwidth non-hundred-percent-height-scrolling\" style=\"--awb-border-radius-top-left:0px;--awb-border-radius-top-right:0px;--awb-border-radius-bottom-right:0px;--awb-border-radius-bottom-left:0px;--awb-overflow:visible;--awb-margin-top:30px;--awb-background-color:rgba(255,255,255,0);--awb-flex-wrap:wrap;\" ><div class=\"fusion-builder-row fusion-row\"><div class=\"fusion-layout-column fusion_builder_column fusion-builder-column-0 fusion_builder_column_1_1 1_1 fusion-one-full fusion-column-first fusion-column-last fusion-column-no-min-height\" style=\"--awb-bg-size:cover;--awb-margin-bottom:0px;\"><div class=\"fusion-column-wrapper fusion-flex-column-wrapper-legacy\"><div class=\"fusion-sep-clear\"><\/div><div class=\"fusion-separator fusion-full-width-sep\" style=\"margin-left: auto;margin-right: auto;width:100%;\"><\/div><div class=\"fusion-sep-clear\"><\/div>\n<div class=\"fusion-clearfix\"><\/div><\/div><\/div><\/div><\/div><div class=\"fusion-fullwidth fullwidth-box fusion-builder-row-2 hundred-percent-fullwidth non-hundred-percent-height-scrolling\" style=\"--awb-border-radius-top-left:0px;--awb-border-radius-top-right:0px;--awb-border-radius-bottom-right:0px;--awb-border-radius-bottom-left:0px;--awb-overflow:visible;--awb-flex-wrap:wrap;\" ><div class=\"fusion-builder-row fusion-row\"><div class=\"fusion-layout-column fusion_builder_column fusion-builder-column-1 fusion_builder_column_1_4 1_4 fusion-one-fourth fusion-column-first\" style=\"--awb-bg-size:cover;width:25%;width:calc(25% - ( ( 4% + 4% + 4% ) * 0.25 ) );margin-right: 4%;\"><div class=\"fusion-column-wrapper fusion-flex-column-wrapper-legacy\">\n<a href=\"http:\/\/www.carlosgarciagil.com\"><img decoding=\"async\" src=\"https:\/\/www.imagenia.eu\/wp-content\/uploads\/2014\/02\/fotomontaje-solo.jpg\" alt=\"\" \/><\/a><\/p>\n<h2>Professionelle Fotografie<\/h2>\n<p>Imagenia bietet den professionellen Fotografen Carlos Garc\u00eda Gil, der seinem Unternehmen ein bild nach neuem Trends gibt.<div class=\"fusion-clearfix\"><\/div><\/div><\/div>\n<div class=\"fusion-layout-column fusion_builder_column fusion-builder-column-2 fusion_builder_column_1_4 1_4 fusion-one-fourth\" style=\"--awb-bg-size:cover;width:25%;width:calc(25% - ( ( 4% + 4% + 4% ) * 0.25 ) );margin-right: 4%;\"><div class=\"fusion-column-wrapper fusion-flex-column-wrapper-legacy\">\n<img decoding=\"async\" class=\"aligncenter size-full wp-image-6467\" src=\"https:\/\/www.imagenia.eu\/wp-content\/uploads\/2013\/01\/seo-logo.jpg\" alt=\"seo logo\" width=\"940\" height=\"475\" srcset=\"https:\/\/www.imagenia.eu\/wp-content\/uploads\/2013\/01\/seo-logo-150x75.jpg 150w, https:\/\/www.imagenia.eu\/wp-content\/uploads\/2013\/01\/seo-logo-300x151.jpg 300w, https:\/\/www.imagenia.eu\/wp-content\/uploads\/2013\/01\/seo-logo-540x272.jpg 540w, https:\/\/www.imagenia.eu\/wp-content\/uploads\/2013\/01\/seo-logo.jpg 940w\" sizes=\"(max-width: 940px) 100vw, 940px\" \/><\/p>\n<h2>SEO Verzeichnisse<\/h2>\n<p>Imagenia hat leistungsf\u00e4hige Werkzeuge, damit Ihr Unternehmen auf den ersten Suchergebnisse bei Google erschient.<div class=\"fusion-clearfix\"><\/div><\/div><\/div>\n<div class=\"fusion-layout-column fusion_builder_column fusion-builder-column-3 fusion_builder_column_1_4 1_4 fusion-one-fourth\" style=\"--awb-bg-size:cover;width:25%;width:calc(25% - ( ( 4% + 4% + 4% ) * 0.25 ) );margin-right: 4%;\"><div class=\"fusion-column-wrapper fusion-flex-column-wrapper-legacy\">\n<img decoding=\"async\" class=\"aligncenter size-full wp-image-6469\" src=\"https:\/\/www.imagenia.eu\/wp-content\/uploads\/2013\/01\/social-media-logo.jpg\" alt=\"social media logo\" width=\"940\" height=\"475\" srcset=\"https:\/\/www.imagenia.eu\/wp-content\/uploads\/2013\/01\/social-media-logo-150x75.jpg 150w, https:\/\/www.imagenia.eu\/wp-content\/uploads\/2013\/01\/social-media-logo-300x151.jpg 300w, https:\/\/www.imagenia.eu\/wp-content\/uploads\/2013\/01\/social-media-logo-540x272.jpg 540w, https:\/\/www.imagenia.eu\/wp-content\/uploads\/2013\/01\/social-media-logo.jpg 940w\" sizes=\"(max-width: 940px) 100vw, 940px\" \/><\/p>\n<h2>Community-Manager<\/h2>\n<p>Imagenia wird ihr Unternehmen zu neuen H\u00f6den der Popularit\u00e4t durch Werbekampagnen des Bildes in verschiedenen sozialen Netzwerken starten.<div class=\"fusion-clearfix\"><\/div><\/div><\/div>\n<div class=\"fusion-layout-column fusion_builder_column fusion-builder-column-4 fusion_builder_column_1_4 1_4 fusion-one-fourth fusion-column-last\" style=\"--awb-bg-size:cover;width:25%;width:calc(25% - ( ( 4% + 4% + 4% ) * 0.25 ) );\"><div class=\"fusion-column-wrapper fusion-flex-column-wrapper-legacy\">\n<a href=\"https:\/\/www.imagenia.eu\/wp-content\/uploads\/2013\/01\/google-street-view-banner.jpg\"><img decoding=\"async\" class=\"aligncenter size-full wp-image-21217\" src=\"https:\/\/www.imagenia.eu\/wp-content\/uploads\/2013\/01\/google-street-view-banner.jpg\" alt=\"google street view banner\" width=\"940\" height=\"475\" srcset=\"https:\/\/www.imagenia.eu\/wp-content\/uploads\/2013\/01\/google-street-view-banner-150x76.jpg 150w, https:\/\/www.imagenia.eu\/wp-content\/uploads\/2013\/01\/google-street-view-banner-300x152.jpg 300w, https:\/\/www.imagenia.eu\/wp-content\/uploads\/2013\/01\/google-street-view-banner-540x272.jpg 540w, https:\/\/www.imagenia.eu\/wp-content\/uploads\/2013\/01\/google-street-view-banner.jpg 940w\" sizes=\"(max-width: 940px) 100vw, 940px\" \/><\/a><\/p>\n<h2>Google Street View<\/h2>\n<p>Imagenia wird ihnen eine virtuelle und interaktive Tour ihres Unterhemen oder ihres Gesc\u00e4ftes durch die Street View-Technologie von Google Maps geben.<div class=\"fusion-clearfix\"><\/div><\/div><\/div>\n<div class=\"fusion-layout-column fusion_builder_column fusion-builder-column-5 fusion_builder_column_1_1 1_1 fusion-one-full fusion-column-first fusion-column-last fusion-column-no-min-height\" style=\"--awb-bg-size:cover;--awb-margin-bottom:0px;\"><div class=\"fusion-column-wrapper fusion-flex-column-wrapper-legacy\"><div class=\"fusion-sep-clear\"><\/div><div class=\"fusion-separator fusion-full-width-sep\" style=\"margin-left: auto;margin-right: auto;margin-top:20px;margin-bottom:20px;width:100%;\"><\/div><div class=\"fusion-sep-clear\"><\/div>\n<div class=\"fusion-clearfix\"><\/div><\/div><\/div><div class=\"fusion-layout-column fusion_builder_column fusion-builder-column-6 fusion_builder_column_1_1 1_1 fusion-one-full fusion-column-first fusion-column-last fusion-column-no-min-height\" style=\"--awb-bg-size:cover;--awb-margin-bottom:0px;\"><div class=\"fusion-column-wrapper fusion-flex-column-wrapper-legacy\"><div class=\"fusion-reading-box-container reading-box-container-1\" style=\"--awb-title-color:#333333;--awb-margin-top:0px;--awb-margin-bottom:84px;\"><div class=\"reading-box\" style=\"background-color:#f6f6f6;border-width:0px;border-color:#f6f6f6;border-left-width:3px;border-left-color:var(--primary_color);border-style:solid;\"><a class=\"button fusion-button button-default fusion-button-default-size button-default-size button-flat fusion-desktop-button fusion-tagline-button continue fusion-desktop-button-margin continue-right\" style=\"-webkit-box-shadow:none;-moz-box-shadow:none;box-shadow:none;border-radius:2px 2px 2px 2px\" href=\"https:\/\/www.imagenia.eu\/de\/kontakt\/\" target=\"_self\"><span>Vereinbaren einen Termin<\/span><\/a><h2>Im Gesch\u00e4ft, ist das Bild oft der Unterchied zwischen Erfolg und Misserfolg<\/h2><div class=\"reading-box-description fusion-reading-box-additional\">Imagenia bietet Ihnen die L\u00f6sung f\u00fcr die neue Markttrends. Steigen Sie sich in den Wagen des Erfolges ein und Lassen Sie nicht, dass Ihr Unternehmen strandet<\/div><div class=\"fusion-clearfix\"><\/div><a class=\"button fusion-button button-default fusion-button-default-size button-default-size button-flat fusion-mobile-button continue-right\" style=\"-webkit-box-shadow:none;-moz-box-shadow:none;box-shadow:none;border-radius:2px 2px 2px 2px\" href=\"https:\/\/www.imagenia.eu\/de\/kontakt\/\" target=\"_self\"><span>Vereinbaren einen Termin<\/span><\/a><\/div><\/div>\n<div class=\"fusion-sep-clear\"><\/div><div class=\"fusion-separator fusion-full-width-sep\" style=\"margin-left: auto;margin-right: auto;margin-top:-15px;margin-bottom:-15px;width:100%;\"><\/div><div class=\"fusion-sep-clear\"><\/div>\n<div class=\"fusion-clearfix\"><\/div><\/div><\/div><div class=\"fusion-layout-column fusion_builder_column fusion-builder-column-7 fusion_builder_column_1_2 1_2 fusion-one-half fusion-column-first\" style=\"--awb-bg-size:cover;width:50%;width:calc(50% - ( ( 4% ) * 0.5 ) );margin-right: 4%;\"><div class=\"fusion-column-wrapper fusion-flex-column-wrapper-legacy\">\n<div class=\"accordian fusion-accordian\" style=\"--awb-border-size:1px;--awb-icon-size:16px;--awb-content-font-size:13px;--awb-icon-alignment:left;--awb-hover-color:var(--awb-color2);--awb-border-color:var(--awb-color3);--awb-background-color:var(--awb-color1);--awb-divider-color:#e0dede;--awb-divider-hover-color:#e0dede;--awb-icon-color:var(--awb-color1);--awb-title-color:#333333;--awb-content-color:#747474;--awb-icon-box-color:#333333;--awb-toggle-hover-accent-color:#a0ce4e;--awb-title-font-family:&quot;Antic Slab&quot;;--awb-title-font-weight:400;--awb-title-font-style:normal;--awb-content-font-family:&quot;Antic Slab&quot;;--awb-content-font-style:normal;--awb-content-font-weight:400;\"><div class=\"panel-group fusion-toggle-icon-boxed\" id=\"accordion-7208-1\">\n<div class=\"fusion-panel panel-default panel-b797c17314bc298ee fusion-toggle-has-divider\"><div class=\"panel-heading\"><h4 class=\"panel-title toggle\" id=\"toggle_b797c17314bc298ee\"><a class=\"active\" aria-expanded=\"true\" aria-controls=\"b797c17314bc298ee\" role=\"button\" data-toggle=\"collapse\" data-parent=\"#accordion-7208-1\" data-target=\"#b797c17314bc298ee\" href=\"#b797c17314bc298ee\"><span class=\"fusion-toggle-icon-wrapper\" aria-hidden=\"true\"><i class=\"fa-fusion-box active-icon awb-icon-minus\" aria-hidden=\"true\"><\/i><i class=\"fa-fusion-box inactive-icon awb-icon-plus\" aria-hidden=\"true\"><\/i><\/span><span class=\"fusion-toggle-heading\">Der Zweck von imagenia<\/span><\/a><\/h4><\/div><div id=\"b797c17314bc298ee\" class=\"panel-collapse collapse in\" aria-labelledby=\"toggle_b797c17314bc298ee\"><div class=\"panel-body toggle-content fusion-clearfix\">Als ein digital Imageberater f\u00fcr Unternehmen und Fachleute, wir werden Ihr Unternehmen zutiefts studieren, um eine geeignete Strategie zum Potential in dem relevantem Markt Ihrer T\u00e4tigkeit \u00fcberall in der Welt w\u00e4hlen.<\/div><\/div><\/div>\n<div class=\"fusion-panel panel-default panel-aca4415f63c7dddc2 fusion-toggle-has-divider\"><div class=\"panel-heading\"><h4 class=\"panel-title toggle\" id=\"toggle_aca4415f63c7dddc2\"><a aria-expanded=\"false\" aria-controls=\"aca4415f63c7dddc2\" role=\"button\" data-toggle=\"collapse\" data-parent=\"#accordion-7208-1\" data-target=\"#aca4415f63c7dddc2\" href=\"#aca4415f63c7dddc2\"><span class=\"fusion-toggle-icon-wrapper\" aria-hidden=\"true\"><i class=\"fa-fusion-box active-icon awb-icon-minus\" aria-hidden=\"true\"><\/i><i class=\"fa-fusion-box inactive-icon awb-icon-plus\" aria-hidden=\"true\"><\/i><\/span><span class=\"fusion-toggle-heading\">Die Philosophie von imagenia<\/span><\/a><\/h4><\/div><div id=\"aca4415f63c7dddc2\" class=\"panel-collapse collapse \" aria-labelledby=\"toggle_aca4415f63c7dddc2\"><div class=\"panel-body toggle-content fusion-clearfix\">Es gibt keine unm\u00f6gliche Ziele, aber keine erkennbare Ziele. Wir glauben zutiefts, dass eine \u00c4nderung der Perspective uns zum Erfolg f\u00fchren kann. Vertrauen ist gewinnen.<\/div><\/div><\/div>\n<div class=\"fusion-panel panel-default panel-178b10e626d7e2cd2 fusion-toggle-has-divider\"><div class=\"panel-heading\"><h4 class=\"panel-title toggle\" id=\"toggle_178b10e626d7e2cd2\"><a aria-expanded=\"false\" aria-controls=\"178b10e626d7e2cd2\" role=\"button\" data-toggle=\"collapse\" data-parent=\"#accordion-7208-1\" data-target=\"#178b10e626d7e2cd2\" href=\"#178b10e626d7e2cd2\"><span class=\"fusion-toggle-icon-wrapper\" aria-hidden=\"true\"><i class=\"fa-fusion-box active-icon awb-icon-minus\" aria-hidden=\"true\"><\/i><i class=\"fa-fusion-box inactive-icon awb-icon-plus\" aria-hidden=\"true\"><\/i><\/span><span class=\"fusion-toggle-heading\">Das Versprechen von imagenia<\/span><\/a><\/h4><\/div><div id=\"178b10e626d7e2cd2\" class=\"panel-collapse collapse \" aria-labelledby=\"toggle_178b10e626d7e2cd2\"><div class=\"panel-body toggle-content fusion-clearfix\">Detaillerte Studie, sorgf\u00e4ltige Arbeit und unerm\u00fcdlichen Einsatz f\u00fcr den Erfolg zu erreichen. Sie sind unsere stabiler Versprechen.<\/div><\/div><\/div>\n<\/div><\/div>\n<div class=\"fusion-clearfix\"><\/div><\/div><\/div>\n<div class=\"fusion-layout-column fusion_builder_column fusion-builder-column-8 fusion_builder_column_1_2 1_2 fusion-one-half fusion-column-last\" style=\"--awb-bg-size:cover;width:50%;width:calc(50% - ( ( 4% ) * 0.5 ) );\"><div class=\"fusion-column-wrapper fusion-flex-column-wrapper-legacy\">\n[fusion_old_tabs tab1=&#8220;Image&#8220; tab2=&#8220;Positionierung&#8220; tab3=&#8220;Soziale Netzwerke&#8220;]\n[fusion_old_tab id=1]\n<i class=\"fb-icon-element-1 fb-icon-element fontawesome-icon fa fa-random circle-yes fusion-text-flow\" style=\"--awb-circlebordersize:1px;--awb-font-size:35.2px;--awb-width:70.4px;--awb-height:70.4px;--awb-line-height:68.4px;--awb-margin-right:20px;\"><\/i>Bei imagenia machen wir tiefe und detaillierte Studien f\u00fcr das Bild Ihres Unternehmen order Ihres Gesch\u00e4ftes. Deshalb, setzen wir Strategien, die das Bild und die Beste geeignete Richtung f\u00fcr die Erwartungen Ihres potenzielles Markt defirieren. Wir unterst\u00fctzen immer ein grosses Team von Fachleute und wir werden Strategien etablieren, um Ihr Unternehmen ein attraktives, frisches und dynamisches Bild zu geben.[\/fusion_old_tab]\n[fusion_old_tab id=2]Nach der Definition ein Bild, das treulich die Werte und die Qualit\u00e4ten Ihres Unternehmens repr\u00e4sentiert, ist es Zeit, um dieses Bild in den Markt zu bringen. So, wird das digitales Medim etwas wesetliches in diesen Zeiten. Wir werden SEO-kampagnen auf Google als Haupt Suchtmaschine online etablieren. Strategien f\u00fcr locale, regionale, nationale digitale Marketing und, auch internationaler in verschiedenen Sprachen, gem\u00e4ss den Erwartungen und der Art der potenziellen Gesch\u00e4ftskunden.[\/fusion_old_tab]\n[fusion_old_tab id=3]Sobald Ihr Unternehmen oder Gesch\u00e4ft auf Google positioniert sind und sie tragen ein repr\u00e4sentatives Bild, ist es Zeit, um das Gesch\u00e4ft mit einem potezielles Publikum zu geben, mit denen man bequem und einfach interagieren kann. In diesem Fall werden wir zu den sozialen Netzwerke greifen, die ein unverzichtbares Wekrzeug sind, und durch die k\u00f6nnen wir direck alle die Bewegungen Ihres Unternehmens starten, f\u00f6rden und teilen. Wir werden Ihr Unternehmen auf die aktuellen digitalen Welt verbinden.[\/fusion_old_tab]\n[\/fusion_old_tabs]\n<div class=\"fusion-clearfix\"><\/div><\/div><\/div>\n<div class=\"fusion-layout-column fusion_builder_column fusion-builder-column-9 fusion_builder_column_1_1 1_1 fusion-one-full fusion-column-first fusion-column-last fusion-column-no-min-height\" style=\"--awb-bg-size:cover;--awb-margin-bottom:0px;\"><div class=\"fusion-column-wrapper fusion-flex-column-wrapper-legacy\"><div class=\"fusion-sep-clear\"><\/div><div class=\"fusion-separator fusion-full-width-sep\" style=\"margin-left: auto;margin-right: auto;margin-top:20px;margin-bottom:20px;width:100%;\"><\/div><div class=\"fusion-sep-clear\"><\/div>\n<div class=\"fusion-clearfix\"><\/div><\/div><\/div><div class=\"fusion-layout-column fusion_builder_column fusion-builder-column-10 fusion_builder_column_1_1 1_1 fusion-one-full fusion-column-first fusion-column-last fusion-column-no-min-height\" style=\"--awb-bg-size:cover;--awb-margin-bottom:0px;\"><div class=\"fusion-column-wrapper fusion-flex-column-wrapper-legacy\"><div class=\"fusion-title title fusion-title-1 fusion-sep-none fusion-title-text fusion-title-size-two\" style=\"--awb-margin-top-small:10px;--awb-margin-right-small:0px;--awb-margin-bottom-small:10px;--awb-margin-left-small:0px;\"><h2 class=\"fusion-title-heading title-heading-left\" style=\"margin:0;\">Bleiben Sie in Kontakt mit uns!<\/h2><\/div>\n<div class=\"fusion-clearfix\"><\/div><\/div><\/div><div class=\"fusion-layout-column fusion_builder_column fusion-builder-column-11 fusion_builder_column_1_1 1_1 fusion-one-full fusion-column-first fusion-column-last fusion-column-no-min-height\" style=\"--awb-bg-size:cover;--awb-margin-bottom:0px;\"><div class=\"fusion-column-wrapper fusion-flex-column-wrapper-legacy\"><div class=\"fusion-social-links fusion-social-links-1\" style=\"--awb-margin-top:0px;--awb-margin-right:0px;--awb-margin-bottom:0px;--awb-margin-left:0px;--awb-box-border-top:0px;--awb-box-border-right:0px;--awb-box-border-bottom:0px;--awb-box-border-left:0px;--awb-icon-colors-hover:rgba(190,189,189,0.8);--awb-box-colors-hover:rgba(232,232,232,0.8);--awb-box-border-color:var(--awb-color3);--awb-box-border-color-hover:var(--awb-color4);\"><div class=\"fusion-social-networks color-type-custom\"><div class=\"fusion-social-networks-wrapper\"><a class=\"fusion-social-network-icon fusion-tooltip fusion-facebook awb-icon-facebook\" style=\"color:#bebdbd;font-size:16px;\" data-placement=\"top\" data-title=\"Facebook\" data-toggle=\"tooltip\" title=\"Facebook\" aria-label=\"facebook\" target=\"_blank\" rel=\"noopener noreferrer\" href=\"https:\/\/www.facebook.com\/imageniaconsultant\"><\/a><a class=\"fusion-social-network-icon fusion-tooltip fusion-flickr awb-icon-flickr\" style=\"color:#bebdbd;font-size:16px;\" data-placement=\"top\" data-title=\"Flickr\" data-toggle=\"tooltip\" title=\"Flickr\" aria-label=\"flickr\" target=\"_blank\" rel=\"noopener noreferrer\" href=\"https:\/\/www.flickr.com\/photos\/carlosgarciagil\/\"><\/a><a class=\"fusion-social-network-icon fusion-tooltip fusion-twitter awb-icon-twitter\" style=\"color:#bebdbd;font-size:16px;\" data-placement=\"top\" data-title=\"X\" data-toggle=\"tooltip\" title=\"X\" aria-label=\"twitter\" target=\"_blank\" rel=\"noopener noreferrer\" href=\"https:\/\/twitter.com\/ImageniaC\"><\/a><a class=\"fusion-social-network-icon fusion-tooltip fusion-youtube awb-icon-youtube\" style=\"color:#bebdbd;font-size:16px;\" data-placement=\"top\" data-title=\"YouTube\" data-toggle=\"tooltip\" title=\"YouTube\" aria-label=\"youtube\" target=\"_blank\" rel=\"noopener noreferrer\" href=\"https:\/\/www.youtube.com\/channel\/UCnOp3W-KLJD2_6OjdO-042w\"><\/a><a class=\"fusion-social-network-icon fusion-tooltip fusion-blogger awb-icon-blogger\" style=\"color:#bebdbd;font-size:16px;\" data-placement=\"top\" data-title=\"Blogger\" data-toggle=\"tooltip\" title=\"Blogger\" aria-label=\"blogger\" target=\"_blank\" rel=\"noopener noreferrer\" href=\"http:\/\/www.empresasentenerife.com\/\"><\/a><\/div><\/div><\/div><div class=\"fusion-clearfix\"><\/div><\/div><\/div><\/div><\/div><\/p>\n","protected":false},"excerpt":{"rendered":"","protected":false},"author":4,"featured_media":0,"parent":0,"menu_order":0,"comment_status":"closed","ping_status":"closed","template":"full-width.php","meta":{"footnotes":""},"class_list":["post-7208","page","type-page","status-publish","hentry"],"yoast_head":"<!-- This site is optimized with the Yoast SEO plugin v27.3 - https:\/\/yoast.com\/product\/yoast-seo-wordpress\/ -->\n<title>Anfang | Imagenia<\/title>\n<meta name=\"description\" content=\"imagenia ist ein Image-Berater auf Teneriffa, in der Kanarien. Professionelle Fotografie Teneriffa, Google Business View, SEO-Kampagnen, Digital Marketing.\" \/>\n<meta name=\"robots\" content=\"index, follow, max-snippet:-1, max-image-preview:large, max-video-preview:-1\" \/>\n<link rel=\"canonical\" href=\"https:\/\/www.imagenia.eu\/de\/\" \/>\n<meta property=\"og:locale\" content=\"de_DE\" \/>\n<meta property=\"og:type\" content=\"article\" \/>\n<meta property=\"og:title\" content=\"Anfang | Imagenia\" \/>\n<meta property=\"og:description\" content=\"imagenia ist ein Image-Berater auf Teneriffa, in der Kanarien. Professionelle Fotografie Teneriffa, Google Business View, SEO-Kampagnen, Digital Marketing.\" \/>\n<meta property=\"og:url\" content=\"https:\/\/www.imagenia.eu\/de\/\" \/>\n<meta property=\"og:site_name\" content=\"Imagenia\" \/>\n<meta property=\"article:modified_time\" content=\"2023-12-26T22:10:49+00:00\" \/>\n<meta property=\"og:image\" content=\"https:\/\/www.imagenia.eu\/wp-content\/uploads\/2014\/02\/fotomontaje-solo.jpg\" \/>\n<meta name=\"twitter:label1\" content=\"Gesch\u00e4tzte Lesezeit\" \/>\n\t<meta name=\"twitter:data1\" content=\"5\u00a0Minuten\" \/>\n<script type=\"application\/ld+json\" class=\"yoast-schema-graph\">{\"@context\":\"https:\\\/\\\/schema.org\",\"@graph\":[{\"@type\":\"WebPage\",\"@id\":\"https:\\\/\\\/www.imagenia.eu\\\/de\\\/\",\"url\":\"https:\\\/\\\/www.imagenia.eu\\\/de\\\/\",\"name\":\"Anfang | Imagenia\",\"isPartOf\":{\"@id\":\"https:\\\/\\\/www.imagenia.eu\\\/#website\"},\"primaryImageOfPage\":{\"@id\":\"https:\\\/\\\/www.imagenia.eu\\\/de\\\/#primaryimage\"},\"image\":{\"@id\":\"https:\\\/\\\/www.imagenia.eu\\\/de\\\/#primaryimage\"},\"thumbnailUrl\":\"https:\\\/\\\/www.imagenia.eu\\\/wp-content\\\/uploads\\\/2014\\\/02\\\/fotomontaje-solo.jpg\",\"datePublished\":\"2014-05-07T07:48:00+00:00\",\"dateModified\":\"2023-12-26T22:10:49+00:00\",\"description\":\"imagenia ist ein Image-Berater auf Teneriffa, in der Kanarien. Professionelle Fotografie Teneriffa, Google Business View, SEO-Kampagnen, Digital Marketing.\",\"inLanguage\":\"de\",\"potentialAction\":[{\"@type\":\"ReadAction\",\"target\":[\"https:\\\/\\\/www.imagenia.eu\\\/de\\\/\"]}]},{\"@type\":\"ImageObject\",\"inLanguage\":\"de\",\"@id\":\"https:\\\/\\\/www.imagenia.eu\\\/de\\\/#primaryimage\",\"url\":\"https:\\\/\\\/www.imagenia.eu\\\/wp-content\\\/uploads\\\/2014\\\/02\\\/fotomontaje-solo.jpg\",\"contentUrl\":\"https:\\\/\\\/www.imagenia.eu\\\/wp-content\\\/uploads\\\/2014\\\/02\\\/fotomontaje-solo.jpg\"},{\"@type\":\"WebSite\",\"@id\":\"https:\\\/\\\/www.imagenia.eu\\\/#website\",\"url\":\"https:\\\/\\\/www.imagenia.eu\\\/\",\"name\":\"Imagenia\",\"description\":\"Consultora de imagen de empresas y profesionales en Tenerife, Canarias.\",\"potentialAction\":[{\"@type\":\"SearchAction\",\"target\":{\"@type\":\"EntryPoint\",\"urlTemplate\":\"https:\\\/\\\/www.imagenia.eu\\\/?s={search_term_string}\"},\"query-input\":{\"@type\":\"PropertyValueSpecification\",\"valueRequired\":true,\"valueName\":\"search_term_string\"}}],\"inLanguage\":\"de\"}]}<\/script>\n<!-- \/ Yoast SEO plugin. -->","yoast_head_json":{"title":"Anfang | Imagenia","description":"imagenia ist ein Image-Berater auf Teneriffa, in der Kanarien. Professionelle Fotografie Teneriffa, Google Business View, SEO-Kampagnen, Digital Marketing.","robots":{"index":"index","follow":"follow","max-snippet":"max-snippet:-1","max-image-preview":"max-image-preview:large","max-video-preview":"max-video-preview:-1"},"canonical":"https:\/\/www.imagenia.eu\/de\/","og_locale":"de_DE","og_type":"article","og_title":"Anfang | Imagenia","og_description":"imagenia ist ein Image-Berater auf Teneriffa, in der Kanarien. Professionelle Fotografie Teneriffa, Google Business View, SEO-Kampagnen, Digital Marketing.","og_url":"https:\/\/www.imagenia.eu\/de\/","og_site_name":"Imagenia","article_modified_time":"2023-12-26T22:10:49+00:00","og_image":[{"url":"https:\/\/www.imagenia.eu\/wp-content\/uploads\/2014\/02\/fotomontaje-solo.jpg","type":"","width":"","height":""}],"twitter_misc":{"Gesch\u00e4tzte Lesezeit":"5\u00a0Minuten"},"schema":{"@context":"https:\/\/schema.org","@graph":[{"@type":"WebPage","@id":"https:\/\/www.imagenia.eu\/de\/","url":"https:\/\/www.imagenia.eu\/de\/","name":"Anfang | Imagenia","isPartOf":{"@id":"https:\/\/www.imagenia.eu\/#website"},"primaryImageOfPage":{"@id":"https:\/\/www.imagenia.eu\/de\/#primaryimage"},"image":{"@id":"https:\/\/www.imagenia.eu\/de\/#primaryimage"},"thumbnailUrl":"https:\/\/www.imagenia.eu\/wp-content\/uploads\/2014\/02\/fotomontaje-solo.jpg","datePublished":"2014-05-07T07:48:00+00:00","dateModified":"2023-12-26T22:10:49+00:00","description":"imagenia ist ein Image-Berater auf Teneriffa, in der Kanarien. Professionelle Fotografie Teneriffa, Google Business View, SEO-Kampagnen, Digital Marketing.","inLanguage":"de","potentialAction":[{"@type":"ReadAction","target":["https:\/\/www.imagenia.eu\/de\/"]}]},{"@type":"ImageObject","inLanguage":"de","@id":"https:\/\/www.imagenia.eu\/de\/#primaryimage","url":"https:\/\/www.imagenia.eu\/wp-content\/uploads\/2014\/02\/fotomontaje-solo.jpg","contentUrl":"https:\/\/www.imagenia.eu\/wp-content\/uploads\/2014\/02\/fotomontaje-solo.jpg"},{"@type":"WebSite","@id":"https:\/\/www.imagenia.eu\/#website","url":"https:\/\/www.imagenia.eu\/","name":"Imagenia","description":"Consultora de imagen de empresas y profesionales en Tenerife, Canarias.","potentialAction":[{"@type":"SearchAction","target":{"@type":"EntryPoint","urlTemplate":"https:\/\/www.imagenia.eu\/?s={search_term_string}"},"query-input":{"@type":"PropertyValueSpecification","valueRequired":true,"valueName":"search_term_string"}}],"inLanguage":"de"}]}},"_links":{"self":[{"href":"https:\/\/www.imagenia.eu\/de\/wp-json\/wp\/v2\/pages\/7208","targetHints":{"allow":["GET"]}}],"collection":[{"href":"https:\/\/www.imagenia.eu\/de\/wp-json\/wp\/v2\/pages"}],"about":[{"href":"https:\/\/www.imagenia.eu\/de\/wp-json\/wp\/v2\/types\/page"}],"author":[{"embeddable":true,"href":"https:\/\/www.imagenia.eu\/de\/wp-json\/wp\/v2\/users\/4"}],"replies":[{"embeddable":true,"href":"https:\/\/www.imagenia.eu\/de\/wp-json\/wp\/v2\/comments?post=7208"}],"version-history":[{"count":7,"href":"https:\/\/www.imagenia.eu\/de\/wp-json\/wp\/v2\/pages\/7208\/revisions"}],"predecessor-version":[{"id":21229,"href":"https:\/\/www.imagenia.eu\/de\/wp-json\/wp\/v2\/pages\/7208\/revisions\/21229"}],"wp:attachment":[{"href":"https:\/\/www.imagenia.eu\/de\/wp-json\/wp\/v2\/media?parent=7208"}],"curies":[{"name":"wp","href":"https:\/\/api.w.org\/{rel}","templated":true}]}}