{"id":6628,"date":"2014-04-05T16:30:17","date_gmt":"2014-04-05T16:30:17","guid":{"rendered":"http:\/\/www.imagenia.eu\/?page_id=6628"},"modified":"2023-12-26T22:10:50","modified_gmt":"2023-12-26T22:10:50","slug":"home","status":"publish","type":"page","link":"https:\/\/www.imagenia.eu\/en\/","title":{"rendered":"Home"},"content":{"rendered":"<p><div class=\"fusion-fullwidth fullwidth-box fusion-builder-row-1 hundred-percent-fullwidth non-hundred-percent-height-scrolling\" style=\"--awb-border-radius-top-left:0px;--awb-border-radius-top-right:0px;--awb-border-radius-bottom-right:0px;--awb-border-radius-bottom-left:0px;--awb-overflow:visible;--awb-margin-top:30px;--awb-background-color:rgba(255,255,255,0);--awb-flex-wrap:wrap;\" ><div class=\"fusion-builder-row fusion-row\"><div class=\"fusion-layout-column fusion_builder_column fusion-builder-column-0 fusion_builder_column_1_1 1_1 fusion-one-full fusion-column-first fusion-column-last fusion-column-no-min-height\" style=\"--awb-bg-size:cover;--awb-margin-bottom:0px;\"><div class=\"fusion-column-wrapper fusion-flex-column-wrapper-legacy\"><div class=\"fusion-sep-clear\"><\/div><div class=\"fusion-separator fusion-full-width-sep\" style=\"margin-left: auto;margin-right: auto;width:100%;\"><\/div><div class=\"fusion-sep-clear\"><\/div>\n<div class=\"fusion-clearfix\"><\/div><\/div><\/div><\/div><\/div><div class=\"fusion-fullwidth fullwidth-box fusion-builder-row-2 hundred-percent-fullwidth non-hundred-percent-height-scrolling\" style=\"--awb-border-radius-top-left:0px;--awb-border-radius-top-right:0px;--awb-border-radius-bottom-right:0px;--awb-border-radius-bottom-left:0px;--awb-overflow:visible;--awb-flex-wrap:wrap;\" ><div class=\"fusion-builder-row fusion-row\"><div class=\"fusion-layout-column fusion_builder_column fusion-builder-column-1 fusion_builder_column_1_4 1_4 fusion-one-fourth fusion-column-first\" style=\"--awb-bg-size:cover;width:25%;width:calc(25% - ( ( 4% + 4% + 4% ) * 0.25 ) );margin-right: 4%;\"><div class=\"fusion-column-wrapper fusion-flex-column-wrapper-legacy\">\n<a href=\"http:\/\/www.carlosgarciagil.com\"><img decoding=\"async\" src=\"https:\/\/www.imagenia.eu\/wp-content\/uploads\/2014\/02\/fotomontaje-solo.jpg\" alt=\"\" \/><\/a><\/p>\n<h2>Professional photography<\/h2>\n<p>Imagenia has the professional photographer\u00a0<a href=\"http:\/\/carlosgarciagil.com\"> Carlos Garc\u00eda Gil<\/a> to provide an image of your company in line with new trends.<div class=\"fusion-clearfix\"><\/div><\/div><\/div>\n<div class=\"fusion-layout-column fusion_builder_column fusion-builder-column-2 fusion_builder_column_1_4 1_4 fusion-one-fourth\" style=\"--awb-bg-size:cover;width:25%;width:calc(25% - ( ( 4% + 4% + 4% ) * 0.25 ) );margin-right: 4%;\"><div class=\"fusion-column-wrapper fusion-flex-column-wrapper-legacy\">\n<img decoding=\"async\" class=\"aligncenter size-full wp-image-6467\" src=\"https:\/\/www.imagenia.eu\/wp-content\/uploads\/2013\/01\/seo-logo.jpg\" alt=\"seo logo\" width=\"940\" height=\"475\" srcset=\"https:\/\/www.imagenia.eu\/wp-content\/uploads\/2013\/01\/seo-logo-150x75.jpg 150w, https:\/\/www.imagenia.eu\/wp-content\/uploads\/2013\/01\/seo-logo-300x151.jpg 300w, https:\/\/www.imagenia.eu\/wp-content\/uploads\/2013\/01\/seo-logo-540x272.jpg 540w, https:\/\/www.imagenia.eu\/wp-content\/uploads\/2013\/01\/seo-logo.jpg 940w\" sizes=\"(max-width: 940px) 100vw, 940px\" \/><\/p>\n<h2>SEO directories<\/h2>\n<p>Imagenia has powerful tools to make your business appear on the first search results on Google.<div class=\"fusion-clearfix\"><\/div><\/div><\/div>\n<div class=\"fusion-layout-column fusion_builder_column fusion-builder-column-3 fusion_builder_column_1_4 1_4 fusion-one-fourth\" style=\"--awb-bg-size:cover;width:25%;width:calc(25% - ( ( 4% + 4% + 4% ) * 0.25 ) );margin-right: 4%;\"><div class=\"fusion-column-wrapper fusion-flex-column-wrapper-legacy\">\n<img decoding=\"async\" class=\"aligncenter size-full wp-image-6469\" src=\"https:\/\/www.imagenia.eu\/wp-content\/uploads\/2013\/01\/social-media-logo.jpg\" alt=\"social media logo\" width=\"940\" height=\"475\" srcset=\"https:\/\/www.imagenia.eu\/wp-content\/uploads\/2013\/01\/social-media-logo-150x75.jpg 150w, https:\/\/www.imagenia.eu\/wp-content\/uploads\/2013\/01\/social-media-logo-300x151.jpg 300w, https:\/\/www.imagenia.eu\/wp-content\/uploads\/2013\/01\/social-media-logo-540x272.jpg 540w, https:\/\/www.imagenia.eu\/wp-content\/uploads\/2013\/01\/social-media-logo.jpg 940w\" sizes=\"(max-width: 940px) 100vw, 940px\" \/><\/p>\n<h2>Community Managers<\/h2>\n<p>Imagenia will launch your business to new heights of popularity through image promotion campaings in different social networks.<div class=\"fusion-clearfix\"><\/div><\/div><\/div>\n<div class=\"fusion-layout-column fusion_builder_column fusion-builder-column-4 fusion_builder_column_1_4 1_4 fusion-one-fourth fusion-column-last\" style=\"--awb-bg-size:cover;width:25%;width:calc(25% - ( ( 4% + 4% + 4% ) * 0.25 ) );\"><div class=\"fusion-column-wrapper fusion-flex-column-wrapper-legacy\">\n<a href=\"https:\/\/www.imagenia.eu\/wp-content\/uploads\/2014\/04\/google-street-view-banner.jpg\"><img decoding=\"async\" class=\"aligncenter size-full wp-image-21223\" src=\"https:\/\/www.imagenia.eu\/wp-content\/uploads\/2014\/04\/google-street-view-banner.jpg\" alt=\"google street view banner\" width=\"940\" height=\"475\" srcset=\"https:\/\/www.imagenia.eu\/wp-content\/uploads\/2014\/04\/google-street-view-banner-150x76.jpg 150w, https:\/\/www.imagenia.eu\/wp-content\/uploads\/2014\/04\/google-street-view-banner-300x152.jpg 300w, https:\/\/www.imagenia.eu\/wp-content\/uploads\/2014\/04\/google-street-view-banner-540x272.jpg 540w, https:\/\/www.imagenia.eu\/wp-content\/uploads\/2014\/04\/google-street-view-banner.jpg 940w\" sizes=\"(max-width: 940px) 100vw, 940px\" \/><\/a><\/p>\n<h2>Google Street View<\/h2>\n<p>Imagenia will provide an interactive virtual tour of your business or company through the technology of Google Maps Business View.<div class=\"fusion-clearfix\"><\/div><\/div><\/div>\n<div class=\"fusion-layout-column fusion_builder_column fusion-builder-column-5 fusion_builder_column_1_1 1_1 fusion-one-full fusion-column-first fusion-column-last fusion-column-no-min-height\" style=\"--awb-bg-size:cover;--awb-margin-bottom:0px;\"><div class=\"fusion-column-wrapper fusion-flex-column-wrapper-legacy\"><div class=\"fusion-sep-clear\"><\/div><div class=\"fusion-separator fusion-full-width-sep\" style=\"margin-left: auto;margin-right: auto;margin-top:20px;margin-bottom:20px;width:100%;\"><\/div><div class=\"fusion-sep-clear\"><\/div>\n<div class=\"fusion-clearfix\"><\/div><\/div><\/div><div class=\"fusion-layout-column fusion_builder_column fusion-builder-column-6 fusion_builder_column_1_1 1_1 fusion-one-full fusion-column-first fusion-column-last fusion-column-no-min-height\" style=\"--awb-bg-size:cover;--awb-margin-bottom:0px;\"><div class=\"fusion-column-wrapper fusion-flex-column-wrapper-legacy\"><div class=\"fusion-reading-box-container reading-box-container-1\" style=\"--awb-title-color:#333333;--awb-margin-top:0px;--awb-margin-bottom:84px;\"><div class=\"reading-box\" style=\"background-color:#f6f6f6;border-width:0px;border-color:#f6f6f6;border-left-width:3px;border-left-color:var(--primary_color);border-style:solid;\"><div class=\"fusion-reading-box-flex\"><h2>In business, image is often the difference between success and failure<\/h2><a class=\"button fusion-button button-default fusion-button-default-size button-default-size button-flat fusion-desktop-button fusion-tagline-button continue continue-right\" style=\"-webkit-box-shadow:none;-moz-box-shadow:none;box-shadow:none;border-radius:2px 2px 2px 2px\" href=\"https:\/\/www.imagenia.eu\/en\/contact\/\" target=\"_self\"><span>Make an appointment<\/span><\/a><\/div><a class=\"button fusion-button button-default fusion-button-default-size button-default-size button-flat fusion-mobile-button continue-right\" style=\"-webkit-box-shadow:none;-moz-box-shadow:none;box-shadow:none;border-radius:2px 2px 2px 2px\" href=\"https:\/\/www.imagenia.eu\/en\/contact\/\" target=\"_self\"><span>Make an appointment<\/span><\/a><\/div><\/div>\n<div class=\"fusion-sep-clear\"><\/div><div class=\"fusion-separator fusion-full-width-sep\" style=\"margin-left: auto;margin-right: auto;margin-top:-15px;margin-bottom:-15px;width:100%;\"><\/div><div class=\"fusion-sep-clear\"><\/div>\n<div class=\"fusion-clearfix\"><\/div><\/div><\/div><div class=\"fusion-layout-column fusion_builder_column fusion-builder-column-7 fusion_builder_column_1_2 1_2 fusion-one-half fusion-column-first\" style=\"--awb-bg-size:cover;width:50%;width:calc(50% - ( ( 4% ) * 0.5 ) );margin-right: 4%;\"><div class=\"fusion-column-wrapper fusion-flex-column-wrapper-legacy\">\n<div class=\"accordian fusion-accordian\" style=\"--awb-border-size:1px;--awb-icon-size:16px;--awb-content-font-size:13px;--awb-icon-alignment:left;--awb-hover-color:var(--awb-color2);--awb-border-color:var(--awb-color3);--awb-background-color:var(--awb-color1);--awb-divider-color:#e0dede;--awb-divider-hover-color:#e0dede;--awb-icon-color:var(--awb-color1);--awb-title-color:#333333;--awb-content-color:#747474;--awb-icon-box-color:#333333;--awb-toggle-hover-accent-color:#a0ce4e;--awb-title-font-family:&quot;Antic Slab&quot;;--awb-title-font-weight:400;--awb-title-font-style:normal;--awb-content-font-family:&quot;Antic Slab&quot;;--awb-content-font-style:normal;--awb-content-font-weight:400;\"><div class=\"panel-group fusion-toggle-icon-boxed\" id=\"accordion-6628-1\">\n<div class=\"fusion-panel panel-default panel-d52ba99f1c425858f fusion-toggle-has-divider\"><div class=\"panel-heading\"><h4 class=\"panel-title toggle\" id=\"toggle_d52ba99f1c425858f\"><a class=\"active\" aria-expanded=\"true\" aria-controls=\"d52ba99f1c425858f\" role=\"button\" data-toggle=\"collapse\" data-parent=\"#accordion-6628-1\" data-target=\"#d52ba99f1c425858f\" href=\"#d52ba99f1c425858f\"><span class=\"fusion-toggle-icon-wrapper\" aria-hidden=\"true\"><i class=\"fa-fusion-box active-icon awb-icon-minus\" aria-hidden=\"true\"><\/i><i class=\"fa-fusion-box inactive-icon awb-icon-plus\" aria-hidden=\"true\"><\/i><\/span><span class=\"fusion-toggle-heading\">The purpose of imagenia<\/span><\/a><\/h4><\/div><div id=\"d52ba99f1c425858f\" class=\"panel-collapse collapse in\" aria-labelledby=\"toggle_d52ba99f1c425858f\"><div class=\"panel-body toggle-content fusion-clearfix\">As a digital image consultant for businesses and professionals, we\u00b4ll study in depth your company with the purpose of choosing an appropiate strategy to the potential of the relevant market of yout business anywhere in the world.<\/div><\/div><\/div>\n<div class=\"fusion-panel panel-default panel-dd052a99e688e3191 fusion-toggle-has-divider\"><div class=\"panel-heading\"><h4 class=\"panel-title toggle\" id=\"toggle_dd052a99e688e3191\"><a aria-expanded=\"false\" aria-controls=\"dd052a99e688e3191\" role=\"button\" data-toggle=\"collapse\" data-parent=\"#accordion-6628-1\" data-target=\"#dd052a99e688e3191\" href=\"#dd052a99e688e3191\"><span class=\"fusion-toggle-icon-wrapper\" aria-hidden=\"true\"><i class=\"fa-fusion-box active-icon awb-icon-minus\" aria-hidden=\"true\"><\/i><i class=\"fa-fusion-box inactive-icon awb-icon-plus\" aria-hidden=\"true\"><\/i><\/span><span class=\"fusion-toggle-heading\">The philosophy of imagenia<\/span><\/a><\/h4><\/div><div id=\"dd052a99e688e3191\" class=\"panel-collapse collapse \" aria-labelledby=\"toggle_dd052a99e688e3191\"><div class=\"panel-body toggle-content fusion-clearfix\">There are no impossible goals, but rather no recognizable objetives. We deeply believe that a change of optics can lead to success. Trust is win.<\/div><\/div><\/div>\n<div class=\"fusion-panel panel-default panel-6fd2041013ca62813 fusion-toggle-has-divider\"><div class=\"panel-heading\"><h4 class=\"panel-title toggle\" id=\"toggle_6fd2041013ca62813\"><a aria-expanded=\"false\" aria-controls=\"6fd2041013ca62813\" role=\"button\" data-toggle=\"collapse\" data-parent=\"#accordion-6628-1\" data-target=\"#6fd2041013ca62813\" href=\"#6fd2041013ca62813\"><span class=\"fusion-toggle-icon-wrapper\" aria-hidden=\"true\"><i class=\"fa-fusion-box active-icon awb-icon-minus\" aria-hidden=\"true\"><\/i><i class=\"fa-fusion-box inactive-icon awb-icon-plus\" aria-hidden=\"true\"><\/i><\/span><span class=\"fusion-toggle-heading\">The promise of imagenia<\/span><\/a><\/h4><\/div><div id=\"6fd2041013ca62813\" class=\"panel-collapse collapse \" aria-labelledby=\"toggle_6fd2041013ca62813\"><div class=\"panel-body toggle-content fusion-clearfix\">Detailed study, conscientiours work and tireless dedication to succeed. These are our strongest promises.<\/div><\/div><\/div>\n<\/div><\/div>\n<div class=\"fusion-clearfix\"><\/div><\/div><\/div>\n<div class=\"fusion-layout-column fusion_builder_column fusion-builder-column-8 fusion_builder_column_1_2 1_2 fusion-one-half fusion-column-last\" style=\"--awb-bg-size:cover;width:50%;width:calc(50% - ( ( 4% ) * 0.5 ) );\"><div class=\"fusion-column-wrapper fusion-flex-column-wrapper-legacy\">\n[fusion_old_tabs tab1=&#8221;Image&#8221; tab2=&#8221;Positioning&#8221; tab3=&#8221;Social Media&#8221;]\n[fusion_old_tab id=1]\n<i class=\"fb-icon-element-1 fb-icon-element fontawesome-icon fa fa-random circle-yes fusion-text-flow\" style=\"--awb-circlebordersize:1px;--awb-font-size:35.2px;--awb-width:70.4px;--awb-height:70.4px;--awb-line-height:68.4px;--awb-margin-right:20px;\"><\/i>imagenia does deep and detailes studies of the image of your company or business. To that goal w set strategies that define the most suitable image and the direction for the expectations of your potential market. Always relying on an extensive team of professionals will establish strategies to give your company an attractive, fresh and dynamic look to position itself in the market for products it represents.[\/fusion_old_tab]\n[fusion_old_tab id=2]After defining an image that faithfully represents the values and qualities of your company, it\u00b4s time to put it on the market and, for this, the digital media is essential these days. SEO campaigns will establish positioning on Google as the main search engine online.[\/fusion_old_tab]\n[fusion_old_tab id=3]Una vez posicionado tu negocio o empresa en Google y de portar una imagen representativa, es el momento de dotar al negocio de un p\u00fablico potencial con el que se pueda interactuar de manera c\u00f3moda y sencilla. En este caso recurriremos a las redes sociales que, sin duda, son una herramienta imprescindible a trav\u00e9s de las cuales podamos lanzar, promocionar y compartir de manera directa todoso los movimientos empresariales de tu negocio. Conectaremos tu empresa al mundo digital actual. Strategies for local, national and, where appropiate, international digital marketing in differnt languages according to the expectations and the nature of potential business clients.[\/fusion_old_tab]\n[\/fusion_old_tabs]\n<div class=\"fusion-clearfix\"><\/div><\/div><\/div>\n<div class=\"fusion-layout-column fusion_builder_column fusion-builder-column-9 fusion_builder_column_1_1 1_1 fusion-one-full fusion-column-first fusion-column-last fusion-column-no-min-height\" style=\"--awb-bg-size:cover;--awb-margin-bottom:0px;\"><div class=\"fusion-column-wrapper fusion-flex-column-wrapper-legacy\"><div class=\"fusion-sep-clear\"><\/div><div class=\"fusion-separator fusion-full-width-sep\" style=\"margin-left: auto;margin-right: auto;margin-top:20px;margin-bottom:20px;width:100%;\"><\/div><div class=\"fusion-sep-clear\"><\/div>\n<div class=\"fusion-clearfix\"><\/div><\/div><\/div><div class=\"fusion-layout-column fusion_builder_column fusion-builder-column-10 fusion_builder_column_1_1 1_1 fusion-one-full fusion-column-first fusion-column-last fusion-column-no-min-height\" style=\"--awb-bg-size:cover;--awb-margin-bottom:0px;\"><div class=\"fusion-column-wrapper fusion-flex-column-wrapper-legacy\"><div class=\"fusion-title title fusion-title-1 fusion-title-text fusion-title-size-two\" style=\"--awb-margin-top-small:10px;--awb-margin-right-small:0px;--awb-margin-bottom-small:10px;--awb-margin-left-small:0px;\"><h2 class=\"fusion-title-heading title-heading-left\" style=\"margin:0;\">Keep in touch with us!<\/h2><span class=\"awb-title-spacer\"><\/span><div class=\"title-sep-container\"><div class=\"title-sep sep-double sep-solid\" style=\"border-color:#e0dede;\"><\/div><\/div><\/div>\n<div class=\"fusion-clearfix\"><\/div><\/div><\/div><div class=\"fusion-layout-column fusion_builder_column fusion-builder-column-11 fusion_builder_column_1_1 1_1 fusion-one-full fusion-column-first fusion-column-last fusion-column-no-min-height\" style=\"--awb-bg-size:cover;--awb-margin-bottom:0px;\"><div class=\"fusion-column-wrapper fusion-flex-column-wrapper-legacy\"><div class=\"fusion-social-links fusion-social-links-1\" style=\"--awb-margin-top:0px;--awb-margin-right:0px;--awb-margin-bottom:0px;--awb-margin-left:0px;--awb-box-border-top:0px;--awb-box-border-right:0px;--awb-box-border-bottom:0px;--awb-box-border-left:0px;--awb-icon-colors-hover:rgba(190,189,189,0.8);--awb-box-colors-hover:rgba(232,232,232,0.8);--awb-box-border-color:var(--awb-color3);--awb-box-border-color-hover:var(--awb-color4);\"><div class=\"fusion-social-networks color-type-custom\"><div class=\"fusion-social-networks-wrapper\"><a class=\"fusion-social-network-icon fusion-tooltip fusion-facebook awb-icon-facebook\" style=\"color:#bebdbd;font-size:16px;\" data-placement=\"top\" data-title=\"Facebook\" data-toggle=\"tooltip\" title=\"Facebook\" aria-label=\"facebook\" target=\"_blank\" rel=\"noopener noreferrer\" href=\"https:\/\/www.facebook.com\/imageniaconsultant\"><\/a><a class=\"fusion-social-network-icon fusion-tooltip fusion-flickr awb-icon-flickr\" style=\"color:#bebdbd;font-size:16px;\" data-placement=\"top\" data-title=\"Flickr\" data-toggle=\"tooltip\" title=\"Flickr\" aria-label=\"flickr\" target=\"_blank\" rel=\"noopener noreferrer\" href=\"https:\/\/www.flickr.com\/photos\/carlosgarciagil\/\"><\/a><a class=\"fusion-social-network-icon fusion-tooltip fusion-twitter awb-icon-twitter\" style=\"color:#bebdbd;font-size:16px;\" data-placement=\"top\" data-title=\"X\" data-toggle=\"tooltip\" title=\"X\" aria-label=\"twitter\" target=\"_blank\" rel=\"noopener noreferrer\" href=\"https:\/\/twitter.com\/ImageniaC\"><\/a><a class=\"fusion-social-network-icon fusion-tooltip fusion-youtube awb-icon-youtube\" style=\"color:#bebdbd;font-size:16px;\" data-placement=\"top\" data-title=\"YouTube\" data-toggle=\"tooltip\" title=\"YouTube\" aria-label=\"youtube\" target=\"_blank\" rel=\"noopener noreferrer\" href=\"https:\/\/www.youtube.com\/channel\/UCnOp3W-KLJD2_6OjdO-042w\"><\/a><a class=\"fusion-social-network-icon fusion-tooltip fusion-blogger awb-icon-blogger\" style=\"color:#bebdbd;font-size:16px;\" data-placement=\"top\" data-title=\"Blogger\" data-toggle=\"tooltip\" title=\"Blogger\" aria-label=\"blogger\" target=\"_blank\" rel=\"noopener noreferrer\" href=\"http:\/\/www.empresasentenerife.com\/\"><\/a><\/div><\/div><\/div><div class=\"fusion-clearfix\"><\/div><\/div><\/div><\/div><\/div><\/p>\n","protected":false},"excerpt":{"rendered":"","protected":false},"author":4,"featured_media":0,"parent":0,"menu_order":0,"comment_status":"closed","ping_status":"closed","template":"full-width.php","meta":{"footnotes":""},"class_list":["post-6628","page","type-page","status-publish","hentry"],"yoast_head":"<!-- This site is optimized with the Yoast SEO plugin v27.3 - https:\/\/yoast.com\/product\/yoast-seo-wordpress\/ -->\n<title>Home - imagenia<\/title>\n<meta name=\"description\" content=\"imagenia is an image consultant in Tenerife, Canary islands. Services of professional photography, Google Business View, SEO, Digital Marketing, Web Design.\" \/>\n<meta name=\"robots\" content=\"index, follow, max-snippet:-1, max-image-preview:large, max-video-preview:-1\" \/>\n<link rel=\"canonical\" href=\"https:\/\/www.imagenia.eu\/en\/\" \/>\n<meta property=\"og:locale\" content=\"en_US\" \/>\n<meta property=\"og:type\" content=\"article\" \/>\n<meta property=\"og:title\" content=\"Home - imagenia\" \/>\n<meta property=\"og:description\" content=\"imagenia is an image consultant in Tenerife, Canary islands. Services of professional photography, Google Business View, SEO, Digital Marketing, Web Design.\" \/>\n<meta property=\"og:url\" content=\"https:\/\/www.imagenia.eu\/en\/\" \/>\n<meta property=\"og:site_name\" content=\"Imagenia\" \/>\n<meta property=\"article:modified_time\" content=\"2023-12-26T22:10:50+00:00\" \/>\n<meta property=\"og:image\" content=\"https:\/\/www.imagenia.eu\/wp-content\/uploads\/2014\/02\/fotomontaje-solo.jpg\" \/>\n<meta name=\"twitter:label1\" content=\"Est. reading time\" \/>\n\t<meta name=\"twitter:data1\" content=\"5 minutes\" \/>\n<script type=\"application\/ld+json\" class=\"yoast-schema-graph\">{\"@context\":\"https:\\\/\\\/schema.org\",\"@graph\":[{\"@type\":\"WebPage\",\"@id\":\"https:\\\/\\\/www.imagenia.eu\\\/en\\\/\",\"url\":\"https:\\\/\\\/www.imagenia.eu\\\/en\\\/\",\"name\":\"Home - imagenia\",\"isPartOf\":{\"@id\":\"https:\\\/\\\/www.imagenia.eu\\\/#website\"},\"primaryImageOfPage\":{\"@id\":\"https:\\\/\\\/www.imagenia.eu\\\/en\\\/#primaryimage\"},\"image\":{\"@id\":\"https:\\\/\\\/www.imagenia.eu\\\/en\\\/#primaryimage\"},\"thumbnailUrl\":\"https:\\\/\\\/www.imagenia.eu\\\/wp-content\\\/uploads\\\/2014\\\/02\\\/fotomontaje-solo.jpg\",\"datePublished\":\"2014-04-05T16:30:17+00:00\",\"dateModified\":\"2023-12-26T22:10:50+00:00\",\"description\":\"imagenia is an image consultant in Tenerife, Canary islands. Services of professional photography, Google Business View, SEO, Digital Marketing, Web Design.\",\"inLanguage\":\"en-US\",\"potentialAction\":[{\"@type\":\"ReadAction\",\"target\":[\"https:\\\/\\\/www.imagenia.eu\\\/en\\\/\"]}]},{\"@type\":\"ImageObject\",\"inLanguage\":\"en-US\",\"@id\":\"https:\\\/\\\/www.imagenia.eu\\\/en\\\/#primaryimage\",\"url\":\"https:\\\/\\\/www.imagenia.eu\\\/wp-content\\\/uploads\\\/2014\\\/02\\\/fotomontaje-solo.jpg\",\"contentUrl\":\"https:\\\/\\\/www.imagenia.eu\\\/wp-content\\\/uploads\\\/2014\\\/02\\\/fotomontaje-solo.jpg\"},{\"@type\":\"WebSite\",\"@id\":\"https:\\\/\\\/www.imagenia.eu\\\/#website\",\"url\":\"https:\\\/\\\/www.imagenia.eu\\\/\",\"name\":\"Imagenia\",\"description\":\"Consultora de imagen de empresas y profesionales en Tenerife, Canarias.\",\"potentialAction\":[{\"@type\":\"SearchAction\",\"target\":{\"@type\":\"EntryPoint\",\"urlTemplate\":\"https:\\\/\\\/www.imagenia.eu\\\/?s={search_term_string}\"},\"query-input\":{\"@type\":\"PropertyValueSpecification\",\"valueRequired\":true,\"valueName\":\"search_term_string\"}}],\"inLanguage\":\"en-US\"}]}<\/script>\n<!-- \/ Yoast SEO plugin. -->","yoast_head_json":{"title":"Home - imagenia","description":"imagenia is an image consultant in Tenerife, Canary islands. Services of professional photography, Google Business View, SEO, Digital Marketing, Web Design.","robots":{"index":"index","follow":"follow","max-snippet":"max-snippet:-1","max-image-preview":"max-image-preview:large","max-video-preview":"max-video-preview:-1"},"canonical":"https:\/\/www.imagenia.eu\/en\/","og_locale":"en_US","og_type":"article","og_title":"Home - imagenia","og_description":"imagenia is an image consultant in Tenerife, Canary islands. Services of professional photography, Google Business View, SEO, Digital Marketing, Web Design.","og_url":"https:\/\/www.imagenia.eu\/en\/","og_site_name":"Imagenia","article_modified_time":"2023-12-26T22:10:50+00:00","og_image":[{"url":"https:\/\/www.imagenia.eu\/wp-content\/uploads\/2014\/02\/fotomontaje-solo.jpg","type":"","width":"","height":""}],"twitter_misc":{"Est. reading time":"5 minutes"},"schema":{"@context":"https:\/\/schema.org","@graph":[{"@type":"WebPage","@id":"https:\/\/www.imagenia.eu\/en\/","url":"https:\/\/www.imagenia.eu\/en\/","name":"Home - imagenia","isPartOf":{"@id":"https:\/\/www.imagenia.eu\/#website"},"primaryImageOfPage":{"@id":"https:\/\/www.imagenia.eu\/en\/#primaryimage"},"image":{"@id":"https:\/\/www.imagenia.eu\/en\/#primaryimage"},"thumbnailUrl":"https:\/\/www.imagenia.eu\/wp-content\/uploads\/2014\/02\/fotomontaje-solo.jpg","datePublished":"2014-04-05T16:30:17+00:00","dateModified":"2023-12-26T22:10:50+00:00","description":"imagenia is an image consultant in Tenerife, Canary islands. Services of professional photography, Google Business View, SEO, Digital Marketing, Web Design.","inLanguage":"en-US","potentialAction":[{"@type":"ReadAction","target":["https:\/\/www.imagenia.eu\/en\/"]}]},{"@type":"ImageObject","inLanguage":"en-US","@id":"https:\/\/www.imagenia.eu\/en\/#primaryimage","url":"https:\/\/www.imagenia.eu\/wp-content\/uploads\/2014\/02\/fotomontaje-solo.jpg","contentUrl":"https:\/\/www.imagenia.eu\/wp-content\/uploads\/2014\/02\/fotomontaje-solo.jpg"},{"@type":"WebSite","@id":"https:\/\/www.imagenia.eu\/#website","url":"https:\/\/www.imagenia.eu\/","name":"Imagenia","description":"Consultora de imagen de empresas y profesionales en Tenerife, Canarias.","potentialAction":[{"@type":"SearchAction","target":{"@type":"EntryPoint","urlTemplate":"https:\/\/www.imagenia.eu\/?s={search_term_string}"},"query-input":{"@type":"PropertyValueSpecification","valueRequired":true,"valueName":"search_term_string"}}],"inLanguage":"en-US"}]}},"_links":{"self":[{"href":"https:\/\/www.imagenia.eu\/en\/wp-json\/wp\/v2\/pages\/6628","targetHints":{"allow":["GET"]}}],"collection":[{"href":"https:\/\/www.imagenia.eu\/en\/wp-json\/wp\/v2\/pages"}],"about":[{"href":"https:\/\/www.imagenia.eu\/en\/wp-json\/wp\/v2\/types\/page"}],"author":[{"embeddable":true,"href":"https:\/\/www.imagenia.eu\/en\/wp-json\/wp\/v2\/users\/4"}],"replies":[{"embeddable":true,"href":"https:\/\/www.imagenia.eu\/en\/wp-json\/wp\/v2\/comments?post=6628"}],"version-history":[{"count":7,"href":"https:\/\/www.imagenia.eu\/en\/wp-json\/wp\/v2\/pages\/6628\/revisions"}],"predecessor-version":[{"id":21225,"href":"https:\/\/www.imagenia.eu\/en\/wp-json\/wp\/v2\/pages\/6628\/revisions\/21225"}],"wp:attachment":[{"href":"https:\/\/www.imagenia.eu\/en\/wp-json\/wp\/v2\/media?parent=6628"}],"curies":[{"name":"wp","href":"https:\/\/api.w.org\/{rel}","templated":true}]}}