{"id":7826,"date":"2014-06-07T13:10:28","date_gmt":"2014-06-07T13:10:28","guid":{"rendered":"http:\/\/www.imagenia.eu\/?page_id=7826"},"modified":"2023-12-26T22:10:49","modified_gmt":"2023-12-26T22:10:49","slug":"commencement","status":"publish","type":"page","link":"https:\/\/www.imagenia.eu\/fr\/","title":{"rendered":"Accueil"},"content":{"rendered":"<p><div class=\"fusion-fullwidth fullwidth-box fusion-builder-row-1 hundred-percent-fullwidth non-hundred-percent-height-scrolling\" style=\"--awb-border-radius-top-left:0px;--awb-border-radius-top-right:0px;--awb-border-radius-bottom-right:0px;--awb-border-radius-bottom-left:0px;--awb-overflow:visible;--awb-margin-top:30px;--awb-background-color:rgba(255,255,255,0);--awb-flex-wrap:wrap;\" ><div class=\"fusion-builder-row fusion-row\"><div class=\"fusion-layout-column fusion_builder_column fusion-builder-column-0 fusion_builder_column_1_1 1_1 fusion-one-full fusion-column-first fusion-column-last fusion-column-no-min-height\" style=\"--awb-bg-size:cover;--awb-margin-bottom:0px;\"><div class=\"fusion-column-wrapper fusion-flex-column-wrapper-legacy\"><div class=\"fusion-sep-clear\"><\/div><div class=\"fusion-separator fusion-full-width-sep\" style=\"margin-left: auto;margin-right: auto;width:100%;\"><\/div><div class=\"fusion-sep-clear\"><\/div>\n<div class=\"fusion-clearfix\"><\/div><\/div><\/div><\/div><\/div><div class=\"fusion-fullwidth fullwidth-box fusion-builder-row-2 hundred-percent-fullwidth non-hundred-percent-height-scrolling\" style=\"--awb-border-radius-top-left:0px;--awb-border-radius-top-right:0px;--awb-border-radius-bottom-right:0px;--awb-border-radius-bottom-left:0px;--awb-overflow:visible;--awb-flex-wrap:wrap;\" ><div class=\"fusion-builder-row fusion-row\"><div class=\"fusion-layout-column fusion_builder_column fusion-builder-column-1 fusion_builder_column_1_4 1_4 fusion-one-fourth fusion-column-first\" style=\"--awb-bg-size:cover;width:25%;width:calc(25% - ( ( 4% + 4% + 4% ) * 0.25 ) );margin-right: 4%;\"><div class=\"fusion-column-wrapper fusion-flex-column-wrapper-legacy\">\n<a href=\"http:\/\/www.carlosgarciagil.com\"><img decoding=\"async\" src=\"https:\/\/www.imagenia.eu\/wp-content\/uploads\/2014\/02\/fotomontaje-solo.jpg\" alt=\"\" \/><\/a><\/p>\n<h2>Photographie Professionnelle<\/h2>\n<p>Imagenia a le photographe professionel<a href=\"http:\/\/carlosgarciagil.com\"> Carlos Garc\u00eda Gil<\/a> pour donner son entreprise d&rsquo;une image selon les nouvelles tendances.<div class=\"fusion-clearfix\"><\/div><\/div><\/div>\n<div class=\"fusion-layout-column fusion_builder_column fusion-builder-column-2 fusion_builder_column_1_4 1_4 fusion-one-fourth\" style=\"--awb-bg-size:cover;width:25%;width:calc(25% - ( ( 4% + 4% + 4% ) * 0.25 ) );margin-right: 4%;\"><div class=\"fusion-column-wrapper fusion-flex-column-wrapper-legacy\">\n<img decoding=\"async\" class=\"aligncenter size-full wp-image-6467\" src=\"https:\/\/www.imagenia.eu\/wp-content\/uploads\/2013\/01\/seo-logo.jpg\" alt=\"seo logo\" width=\"940\" height=\"475\" srcset=\"https:\/\/www.imagenia.eu\/wp-content\/uploads\/2013\/01\/seo-logo-150x75.jpg 150w, https:\/\/www.imagenia.eu\/wp-content\/uploads\/2013\/01\/seo-logo-300x151.jpg 300w, https:\/\/www.imagenia.eu\/wp-content\/uploads\/2013\/01\/seo-logo-540x272.jpg 540w, https:\/\/www.imagenia.eu\/wp-content\/uploads\/2013\/01\/seo-logo.jpg 940w\" sizes=\"(max-width: 940px) 100vw, 940px\" \/><\/p>\n<h2>R\u00e9pertoire SEO<\/h2>\n<p>Imagenia dispose d&rsquo;outils fortes pour faire votre entreprise appara\u00eetre sur les premiers r\u00e9sultats de recherche sur Google.<div class=\"fusion-clearfix\"><\/div><\/div><\/div>\n<div class=\"fusion-layout-column fusion_builder_column fusion-builder-column-3 fusion_builder_column_1_4 1_4 fusion-one-fourth\" style=\"--awb-bg-size:cover;width:25%;width:calc(25% - ( ( 4% + 4% + 4% ) * 0.25 ) );margin-right: 4%;\"><div class=\"fusion-column-wrapper fusion-flex-column-wrapper-legacy\">\n<img decoding=\"async\" class=\"aligncenter size-full wp-image-6469\" src=\"https:\/\/www.imagenia.eu\/wp-content\/uploads\/2013\/01\/social-media-logo.jpg\" alt=\"social media logo\" width=\"940\" height=\"475\" srcset=\"https:\/\/www.imagenia.eu\/wp-content\/uploads\/2013\/01\/social-media-logo-150x75.jpg 150w, https:\/\/www.imagenia.eu\/wp-content\/uploads\/2013\/01\/social-media-logo-300x151.jpg 300w, https:\/\/www.imagenia.eu\/wp-content\/uploads\/2013\/01\/social-media-logo-540x272.jpg 540w, https:\/\/www.imagenia.eu\/wp-content\/uploads\/2013\/01\/social-media-logo.jpg 940w\" sizes=\"(max-width: 940px) 100vw, 940px\" \/><\/p>\n<h2>Community Managers<\/h2>\n<p>Imagenia lancera votre entreprise vers nouveaux sommets de popularit\u00e9 gr\u00e2ce \u00e0 des campagnes de promotion de l&rsquo;image dans les diff\u00e9rents r\u00e9seaux sociaux.<div class=\"fusion-clearfix\"><\/div><\/div><\/div>\n<div class=\"fusion-layout-column fusion_builder_column fusion-builder-column-4 fusion_builder_column_1_4 1_4 fusion-one-fourth fusion-column-last\" style=\"--awb-bg-size:cover;width:25%;width:calc(25% - ( ( 4% + 4% + 4% ) * 0.25 ) );\"><div class=\"fusion-column-wrapper fusion-flex-column-wrapper-legacy\">\n<a href=\"https:\/\/www.imagenia.eu\/wp-content\/uploads\/2013\/01\/google-street-view-banner.jpg\"><img decoding=\"async\" class=\"aligncenter size-full wp-image-21219\" src=\"https:\/\/www.imagenia.eu\/wp-content\/uploads\/2013\/01\/google-street-view-banner.jpg\" alt=\"google street view banner\" width=\"940\" height=\"475\" srcset=\"https:\/\/www.imagenia.eu\/wp-content\/uploads\/2013\/01\/google-street-view-banner-150x76.jpg 150w, https:\/\/www.imagenia.eu\/wp-content\/uploads\/2013\/01\/google-street-view-banner-300x152.jpg 300w, https:\/\/www.imagenia.eu\/wp-content\/uploads\/2013\/01\/google-street-view-banner-540x272.jpg 540w, https:\/\/www.imagenia.eu\/wp-content\/uploads\/2013\/01\/google-street-view-banner.jpg 940w\" sizes=\"(max-width: 940px) 100vw, 940px\" \/><\/a><\/p>\n<h2>Google Street View<\/h2>\n<p>Imagenia vous offrira une visite virtuelle interactive de votre entreprise ou de la socit\u00e9 gr\u00e2ce \u00e0 la technologie de Google Maps Street View.<div class=\"fusion-clearfix\"><\/div><\/div><\/div>\n<div class=\"fusion-layout-column fusion_builder_column fusion-builder-column-5 fusion_builder_column_1_1 1_1 fusion-one-full fusion-column-first fusion-column-last fusion-column-no-min-height\" style=\"--awb-bg-size:cover;--awb-margin-bottom:0px;\"><div class=\"fusion-column-wrapper fusion-flex-column-wrapper-legacy\"><div class=\"fusion-sep-clear\"><\/div><div class=\"fusion-separator fusion-full-width-sep\" style=\"margin-left: auto;margin-right: auto;margin-top:20px;margin-bottom:20px;width:100%;\"><\/div><div class=\"fusion-sep-clear\"><\/div>\n<div class=\"fusion-clearfix\"><\/div><\/div><\/div><div class=\"fusion-layout-column fusion_builder_column fusion-builder-column-6 fusion_builder_column_1_1 1_1 fusion-one-full fusion-column-first fusion-column-last fusion-column-no-min-height\" style=\"--awb-bg-size:cover;--awb-margin-bottom:0px;\"><div class=\"fusion-column-wrapper fusion-flex-column-wrapper-legacy\"><div class=\"fusion-reading-box-container reading-box-container-1\" style=\"--awb-title-color:#333333;--awb-margin-top:0px;--awb-margin-bottom:84px;\"><div class=\"reading-box\" style=\"background-color:#f6f6f6;border-width:0px;border-color:#f6f6f6;border-left-width:3px;border-left-color:var(--primary_color);border-style:solid;\"><a class=\"button fusion-button button-default fusion-button-default-size button-default-size button-flat fusion-desktop-button fusion-tagline-button continue fusion-desktop-button-margin continue-right\" style=\"-webkit-box-shadow:none;-moz-box-shadow:none;box-shadow:none;border-radius:2px 2px 2px 2px\" href=\"https:\/\/www.imagenia.eu\/fr\/contact-imagenia\/\" target=\"_self\"><span>Organiser un rendez-vous<\/span><\/a><h2>Dans les affaire, l'image est souvent la diff\u00e9rence entre le succ\u00e8s ou l'\u00e9chec.<\/h2><div class=\"reading-box-description fusion-reading-box-additional\">Imagenia vous fournit la solution aux nouvelles tendances du march\u00e9. Montez sur le chariot du succ\u00e8s et ne laissez pas votre entreprise \u00e0 couler.<\/div><div class=\"fusion-clearfix\"><\/div><a class=\"button fusion-button button-default fusion-button-default-size button-default-size button-flat fusion-mobile-button continue-right\" style=\"-webkit-box-shadow:none;-moz-box-shadow:none;box-shadow:none;border-radius:2px 2px 2px 2px\" href=\"https:\/\/www.imagenia.eu\/fr\/contact-imagenia\/\" target=\"_self\"><span>Organiser un rendez-vous<\/span><\/a><\/div><\/div>\n<div class=\"fusion-sep-clear\"><\/div><div class=\"fusion-separator fusion-full-width-sep\" style=\"margin-left: auto;margin-right: auto;margin-top:-15px;margin-bottom:-15px;width:100%;\"><\/div><div class=\"fusion-sep-clear\"><\/div>\n<div class=\"fusion-clearfix\"><\/div><\/div><\/div><div class=\"fusion-layout-column fusion_builder_column fusion-builder-column-7 fusion_builder_column_1_2 1_2 fusion-one-half fusion-column-first\" style=\"--awb-bg-size:cover;width:50%;width:calc(50% - ( ( 4% ) * 0.5 ) );margin-right: 4%;\"><div class=\"fusion-column-wrapper fusion-flex-column-wrapper-legacy\">\n<div class=\"accordian fusion-accordian\" style=\"--awb-border-size:1px;--awb-icon-size:16px;--awb-content-font-size:13px;--awb-icon-alignment:left;--awb-hover-color:var(--awb-color2);--awb-border-color:var(--awb-color3);--awb-background-color:var(--awb-color1);--awb-divider-color:#e0dede;--awb-divider-hover-color:#e0dede;--awb-icon-color:var(--awb-color1);--awb-title-color:#333333;--awb-content-color:#747474;--awb-icon-box-color:#333333;--awb-toggle-hover-accent-color:#a0ce4e;--awb-title-font-family:&quot;Antic Slab&quot;;--awb-title-font-weight:400;--awb-title-font-style:normal;--awb-content-font-family:&quot;Antic Slab&quot;;--awb-content-font-style:normal;--awb-content-font-weight:400;\"><div class=\"panel-group fusion-toggle-icon-boxed\" id=\"accordion-7826-1\">\n<div class=\"fusion-panel panel-default panel-5a4d067b6ef688ee9 fusion-toggle-has-divider\"><div class=\"panel-heading\"><h4 class=\"panel-title toggle\" id=\"toggle_5a4d067b6ef688ee9\"><a class=\"active\" aria-expanded=\"true\" aria-controls=\"5a4d067b6ef688ee9\" role=\"button\" data-toggle=\"collapse\" data-parent=\"#accordion-7826-1\" data-target=\"#5a4d067b6ef688ee9\" href=\"#5a4d067b6ef688ee9\"><span class=\"fusion-toggle-icon-wrapper\" aria-hidden=\"true\"><i class=\"fa-fusion-box active-icon awb-icon-minus\" aria-hidden=\"true\"><\/i><i class=\"fa-fusion-box inactive-icon awb-icon-plus\" aria-hidden=\"true\"><\/i><\/span><span class=\"fusion-toggle-heading\">Le but d'Imagenia<\/span><\/a><\/h4><\/div><div id=\"5a4d067b6ef688ee9\" class=\"panel-collapse collapse in\" aria-labelledby=\"toggle_5a4d067b6ef688ee9\"><div class=\"panel-body toggle-content fusion-clearfix\">Comment un cabinet d&rsquo;image digital pour les entreprises et les professionnels, nous allons \u00e9tudier en profondeur votre entreprise afin de choisir une strat\u00e9gie appropri\u00e9e pour le potentiel du march\u00e8 remarquable de votre entreprise partout dans le monde.<\/div><\/div><\/div>\n<div class=\"fusion-panel panel-default panel-505a808f96665ebe8 fusion-toggle-has-divider\"><div class=\"panel-heading\"><h4 class=\"panel-title toggle\" id=\"toggle_505a808f96665ebe8\"><a aria-expanded=\"false\" aria-controls=\"505a808f96665ebe8\" role=\"button\" data-toggle=\"collapse\" data-parent=\"#accordion-7826-1\" data-target=\"#505a808f96665ebe8\" href=\"#505a808f96665ebe8\"><span class=\"fusion-toggle-icon-wrapper\" aria-hidden=\"true\"><i class=\"fa-fusion-box active-icon awb-icon-minus\" aria-hidden=\"true\"><\/i><i class=\"fa-fusion-box inactive-icon awb-icon-plus\" aria-hidden=\"true\"><\/i><\/span><span class=\"fusion-toggle-heading\">La philosophie d'Imagenia<\/span><\/a><\/h4><\/div><div id=\"505a808f96665ebe8\" class=\"panel-collapse collapse \" aria-labelledby=\"toggle_505a808f96665ebe8\"><div class=\"panel-body toggle-content fusion-clearfix\">Il n&rsquo;y pas des objectifs impossibles, mais pas d&rsquo;objectifs reconnaissables. Nous croyons profond\u00e9ment qu&rsquo;un changement de perspective peut nous conduire \u00e0 la r\u00e9ussite. La confiance es de gagner.<\/div><\/div><\/div>\n<div class=\"fusion-panel panel-default panel-f56e0448931c260a9 fusion-toggle-has-divider\"><div class=\"panel-heading\"><h4 class=\"panel-title toggle\" id=\"toggle_f56e0448931c260a9\"><a aria-expanded=\"false\" aria-controls=\"f56e0448931c260a9\" role=\"button\" data-toggle=\"collapse\" data-parent=\"#accordion-7826-1\" data-target=\"#f56e0448931c260a9\" href=\"#f56e0448931c260a9\"><span class=\"fusion-toggle-icon-wrapper\" aria-hidden=\"true\"><i class=\"fa-fusion-box active-icon awb-icon-minus\" aria-hidden=\"true\"><\/i><i class=\"fa-fusion-box inactive-icon awb-icon-plus\" aria-hidden=\"true\"><\/i><\/span><span class=\"fusion-toggle-heading\">La promesse d'Imagenia<\/span><\/a><\/h4><\/div><div id=\"f56e0448931c260a9\" class=\"panel-collapse collapse \" aria-labelledby=\"toggle_f56e0448931c260a9\"><div class=\"panel-body toggle-content fusion-clearfix\">\u00c9tude d\u00e9taill\u00e9e, travail consciencieux, d\u00e9vouement sans rel\u00e2che pour r\u00e9ussir. Ces sont nos promesses plus fortes.<\/div><\/div><\/div>\n<\/div><\/div>\n<div class=\"fusion-clearfix\"><\/div><\/div><\/div>\n<div class=\"fusion-layout-column fusion_builder_column fusion-builder-column-8 fusion_builder_column_1_2 1_2 fusion-one-half fusion-column-last\" style=\"--awb-bg-size:cover;width:50%;width:calc(50% - ( ( 4% ) * 0.5 ) );\"><div class=\"fusion-column-wrapper fusion-flex-column-wrapper-legacy\">\n[fusion_old_tabs tab1=\u00a0\u00bbImage\u00a0\u00bb tab2=\u00a0\u00bbPositionnement\u00a0\u00bb tab3=\u00a0\u00bbLes r\u00e9seaux sociaux\u00a0\u00bb]\n[fusion_old_tab id=1]\n<i class=\"fb-icon-element-1 fb-icon-element fontawesome-icon fa fa-random circle-yes fusion-text-flow\" style=\"--awb-circlebordersize:1px;--awb-font-size:35.2px;--awb-width:70.4px;--awb-height:70.4px;--awb-line-height:68.4px;--awb-margin-right:20px;\"><\/i>Imagenia fait des \u00e9tudes compl\u00e9tes et approfondies de votre soci\u00e9t\u00e9 ou entreprise. \u00c1 cette fin, nous avons mis des strat\u00e9gies qui d\u00e9finissent l&rsquo;image et la direction le plus appropi\u00e9e aux attentes de votre march\u00e9 potenciel. Nous soutenons toujours une grande \u00e9quipe de professionnels et ferons des strategies pour donner son entreprise une image attractive, fra\u00eeche et dynamique sur le march\u00e9 de produits q&rsquo;elle repr\u00e9sente.[\/fusion_old_tab]\n[fusion_old_tab id=2]Apre\u00e8s avoir d\u00e9fini una image qui repr\u00e9sente fid\u00e8lement les valeurs et les qualit\u00e9s de votre entreprise, il est temps de le mettre sur le march\u00e9 et, pour cela, le support digital est essentiel dans ces temps. Nous ferons campagnes de positionnement SEO sur Google comment principal moteur de recharche en ligne. Strategies de marketing digital local, national et, selon le cas, international dans diff\u00e9rentes langues, en fonction des attentes et de la nature des clients \u00e9ventuels de l&rsquo;entreprise.[\/fusion_old_tab]\n[fusion_old_tab id=3]Une fois positionn\u00e9e votre soci\u00e9t\u00e9 ou commerce sur Google et de r\u00e9aliser une image repr\u00e9sentative, il est temps de donner \u00e0 l&rsquo;entreprise un public potentiel avec lequel vous pouvez interagir facilement et comfortablement. Dans ce cas, nour ferons recours aux r\u00e9seaux sociaux qui sont sans aucun doute un puissant outil \u00e0 travers lequel on peut lancer, promouvoir et partager directement touts les mouvements de votre entreprise. Nous allons connecter votre entreprise au monde digital.[\/fusion_old_tab]\n[\/fusion_old_tabs]\n<div class=\"fusion-clearfix\"><\/div><\/div><\/div>\n<div class=\"fusion-layout-column fusion_builder_column fusion-builder-column-9 fusion_builder_column_1_1 1_1 fusion-one-full fusion-column-first fusion-column-last fusion-column-no-min-height\" style=\"--awb-bg-size:cover;--awb-margin-bottom:0px;\"><div class=\"fusion-column-wrapper fusion-flex-column-wrapper-legacy\"><div class=\"fusion-sep-clear\"><\/div><div class=\"fusion-separator fusion-full-width-sep\" style=\"margin-left: auto;margin-right: auto;margin-top:20px;margin-bottom:20px;width:100%;\"><\/div><div class=\"fusion-sep-clear\"><\/div>\n<div class=\"fusion-clearfix\"><\/div><\/div><\/div><div class=\"fusion-layout-column fusion_builder_column fusion-builder-column-10 fusion_builder_column_1_1 1_1 fusion-one-full fusion-column-first fusion-column-last fusion-column-no-min-height\" style=\"--awb-bg-size:cover;--awb-margin-bottom:0px;\"><div class=\"fusion-column-wrapper fusion-flex-column-wrapper-legacy\"><div class=\"fusion-title title fusion-title-1 fusion-sep-none fusion-title-text fusion-title-size-two\" style=\"--awb-margin-top-small:10px;--awb-margin-right-small:0px;--awb-margin-bottom-small:10px;--awb-margin-left-small:0px;\"><h2 class=\"fusion-title-heading title-heading-left\" style=\"margin:0;\">Restez en contac avec nous!<\/h2><\/div>\n<div class=\"fusion-clearfix\"><\/div><\/div><\/div><div class=\"fusion-layout-column fusion_builder_column fusion-builder-column-11 fusion_builder_column_1_1 1_1 fusion-one-full fusion-column-first fusion-column-last fusion-column-no-min-height\" style=\"--awb-bg-size:cover;--awb-margin-bottom:0px;\"><div class=\"fusion-column-wrapper fusion-flex-column-wrapper-legacy\"><div class=\"fusion-social-links fusion-social-links-1\" style=\"--awb-margin-top:0px;--awb-margin-right:0px;--awb-margin-bottom:0px;--awb-margin-left:0px;--awb-box-border-top:0px;--awb-box-border-right:0px;--awb-box-border-bottom:0px;--awb-box-border-left:0px;--awb-icon-colors-hover:rgba(190,189,189,0.8);--awb-box-colors-hover:rgba(232,232,232,0.8);--awb-box-border-color:var(--awb-color3);--awb-box-border-color-hover:var(--awb-color4);\"><div class=\"fusion-social-networks color-type-custom\"><div class=\"fusion-social-networks-wrapper\"><a class=\"fusion-social-network-icon fusion-tooltip fusion-facebook awb-icon-facebook\" style=\"color:#bebdbd;font-size:16px;\" data-placement=\"top\" data-title=\"Facebook\" data-toggle=\"tooltip\" title=\"Facebook\" aria-label=\"facebook\" target=\"_blank\" rel=\"noopener noreferrer\" href=\"https:\/\/www.facebook.com\/imageniaconsultant\"><\/a><a class=\"fusion-social-network-icon fusion-tooltip fusion-flickr awb-icon-flickr\" style=\"color:#bebdbd;font-size:16px;\" data-placement=\"top\" data-title=\"Flickr\" data-toggle=\"tooltip\" title=\"Flickr\" aria-label=\"flickr\" target=\"_blank\" rel=\"noopener noreferrer\" href=\"https:\/\/www.flickr.com\/photos\/carlosgarciagil\/\"><\/a><a class=\"fusion-social-network-icon fusion-tooltip fusion-twitter awb-icon-twitter\" style=\"color:#bebdbd;font-size:16px;\" data-placement=\"top\" data-title=\"X\" data-toggle=\"tooltip\" title=\"X\" aria-label=\"twitter\" target=\"_blank\" rel=\"noopener noreferrer\" href=\"https:\/\/twitter.com\/ImageniaC\"><\/a><a class=\"fusion-social-network-icon fusion-tooltip fusion-youtube awb-icon-youtube\" style=\"color:#bebdbd;font-size:16px;\" data-placement=\"top\" data-title=\"YouTube\" data-toggle=\"tooltip\" title=\"YouTube\" aria-label=\"youtube\" target=\"_blank\" rel=\"noopener noreferrer\" href=\"https:\/\/www.youtube.com\/channel\/UCnOp3W-KLJD2_6OjdO-042w\"><\/a><a class=\"fusion-social-network-icon fusion-tooltip fusion-blogger awb-icon-blogger\" style=\"color:#bebdbd;font-size:16px;\" data-placement=\"top\" data-title=\"Blogger\" data-toggle=\"tooltip\" title=\"Blogger\" aria-label=\"blogger\" target=\"_blank\" rel=\"noopener noreferrer\" href=\"http:\/\/www.empresasentenerife.com\/\"><\/a><\/div><\/div><\/div><div class=\"fusion-clearfix\"><\/div><\/div><\/div><\/div><\/div><\/p>\n","protected":false},"excerpt":{"rendered":"","protected":false},"author":4,"featured_media":0,"parent":0,"menu_order":0,"comment_status":"closed","ping_status":"closed","template":"full-width.php","meta":{"footnotes":""},"class_list":["post-7826","page","type-page","status-publish","hentry"],"yoast_head":"<!-- This site is optimized with the Yoast SEO plugin v27.3 - https:\/\/yoast.com\/product\/yoast-seo-wordpress\/ -->\n<title>Accueil - imagenia<\/title>\n<meta name=\"description\" content=\"Imagenia est un conseiller en image \u00e0 T\u00e9n\u00e9rife, \u00celes Canaries. Photographie professionnnelle Tenerife, Google Business View, Campagnes SEO, Marketing Digital\" \/>\n<meta name=\"robots\" content=\"index, follow, max-snippet:-1, max-image-preview:large, max-video-preview:-1\" \/>\n<link rel=\"canonical\" href=\"https:\/\/www.imagenia.eu\/fr\/\" \/>\n<meta property=\"og:locale\" content=\"fr_FR\" \/>\n<meta property=\"og:type\" content=\"article\" \/>\n<meta property=\"og:title\" content=\"Accueil - imagenia\" \/>\n<meta property=\"og:description\" content=\"Imagenia est un conseiller en image \u00e0 T\u00e9n\u00e9rife, \u00celes Canaries. Photographie professionnnelle Tenerife, Google Business View, Campagnes SEO, Marketing Digital\" \/>\n<meta property=\"og:url\" content=\"https:\/\/www.imagenia.eu\/fr\/\" \/>\n<meta property=\"og:site_name\" content=\"Imagenia\" \/>\n<meta property=\"article:modified_time\" content=\"2023-12-26T22:10:49+00:00\" \/>\n<meta property=\"og:image\" content=\"https:\/\/www.imagenia.eu\/wp-content\/uploads\/2014\/02\/fotomontaje-solo.jpg\" \/>\n<meta name=\"twitter:label1\" content=\"Dur\u00e9e de lecture estim\u00e9e\" \/>\n\t<meta name=\"twitter:data1\" content=\"5 minutes\" \/>\n<script type=\"application\/ld+json\" class=\"yoast-schema-graph\">{\"@context\":\"https:\\\/\\\/schema.org\",\"@graph\":[{\"@type\":\"WebPage\",\"@id\":\"https:\\\/\\\/www.imagenia.eu\\\/fr\\\/\",\"url\":\"https:\\\/\\\/www.imagenia.eu\\\/fr\\\/\",\"name\":\"Accueil - imagenia\",\"isPartOf\":{\"@id\":\"https:\\\/\\\/www.imagenia.eu\\\/#website\"},\"primaryImageOfPage\":{\"@id\":\"https:\\\/\\\/www.imagenia.eu\\\/fr\\\/#primaryimage\"},\"image\":{\"@id\":\"https:\\\/\\\/www.imagenia.eu\\\/fr\\\/#primaryimage\"},\"thumbnailUrl\":\"https:\\\/\\\/www.imagenia.eu\\\/wp-content\\\/uploads\\\/2014\\\/02\\\/fotomontaje-solo.jpg\",\"datePublished\":\"2014-06-07T13:10:28+00:00\",\"dateModified\":\"2023-12-26T22:10:49+00:00\",\"description\":\"Imagenia est un conseiller en image \u00e0 T\u00e9n\u00e9rife, \u00celes Canaries. Photographie professionnnelle Tenerife, Google Business View, Campagnes SEO, Marketing Digital\",\"inLanguage\":\"fr-FR\",\"potentialAction\":[{\"@type\":\"ReadAction\",\"target\":[\"https:\\\/\\\/www.imagenia.eu\\\/fr\\\/\"]}]},{\"@type\":\"ImageObject\",\"inLanguage\":\"fr-FR\",\"@id\":\"https:\\\/\\\/www.imagenia.eu\\\/fr\\\/#primaryimage\",\"url\":\"https:\\\/\\\/www.imagenia.eu\\\/wp-content\\\/uploads\\\/2014\\\/02\\\/fotomontaje-solo.jpg\",\"contentUrl\":\"https:\\\/\\\/www.imagenia.eu\\\/wp-content\\\/uploads\\\/2014\\\/02\\\/fotomontaje-solo.jpg\"},{\"@type\":\"WebSite\",\"@id\":\"https:\\\/\\\/www.imagenia.eu\\\/#website\",\"url\":\"https:\\\/\\\/www.imagenia.eu\\\/\",\"name\":\"Imagenia\",\"description\":\"Consultora de imagen de empresas y profesionales en Tenerife, Canarias.\",\"potentialAction\":[{\"@type\":\"SearchAction\",\"target\":{\"@type\":\"EntryPoint\",\"urlTemplate\":\"https:\\\/\\\/www.imagenia.eu\\\/?s={search_term_string}\"},\"query-input\":{\"@type\":\"PropertyValueSpecification\",\"valueRequired\":true,\"valueName\":\"search_term_string\"}}],\"inLanguage\":\"fr-FR\"}]}<\/script>\n<!-- \/ Yoast SEO plugin. -->","yoast_head_json":{"title":"Accueil - imagenia","description":"Imagenia est un conseiller en image \u00e0 T\u00e9n\u00e9rife, \u00celes Canaries. Photographie professionnnelle Tenerife, Google Business View, Campagnes SEO, Marketing Digital","robots":{"index":"index","follow":"follow","max-snippet":"max-snippet:-1","max-image-preview":"max-image-preview:large","max-video-preview":"max-video-preview:-1"},"canonical":"https:\/\/www.imagenia.eu\/fr\/","og_locale":"fr_FR","og_type":"article","og_title":"Accueil - imagenia","og_description":"Imagenia est un conseiller en image \u00e0 T\u00e9n\u00e9rife, \u00celes Canaries. Photographie professionnnelle Tenerife, Google Business View, Campagnes SEO, Marketing Digital","og_url":"https:\/\/www.imagenia.eu\/fr\/","og_site_name":"Imagenia","article_modified_time":"2023-12-26T22:10:49+00:00","og_image":[{"url":"https:\/\/www.imagenia.eu\/wp-content\/uploads\/2014\/02\/fotomontaje-solo.jpg","type":"","width":"","height":""}],"twitter_misc":{"Dur\u00e9e de lecture estim\u00e9e":"5 minutes"},"schema":{"@context":"https:\/\/schema.org","@graph":[{"@type":"WebPage","@id":"https:\/\/www.imagenia.eu\/fr\/","url":"https:\/\/www.imagenia.eu\/fr\/","name":"Accueil - imagenia","isPartOf":{"@id":"https:\/\/www.imagenia.eu\/#website"},"primaryImageOfPage":{"@id":"https:\/\/www.imagenia.eu\/fr\/#primaryimage"},"image":{"@id":"https:\/\/www.imagenia.eu\/fr\/#primaryimage"},"thumbnailUrl":"https:\/\/www.imagenia.eu\/wp-content\/uploads\/2014\/02\/fotomontaje-solo.jpg","datePublished":"2014-06-07T13:10:28+00:00","dateModified":"2023-12-26T22:10:49+00:00","description":"Imagenia est un conseiller en image \u00e0 T\u00e9n\u00e9rife, \u00celes Canaries. Photographie professionnnelle Tenerife, Google Business View, Campagnes SEO, Marketing Digital","inLanguage":"fr-FR","potentialAction":[{"@type":"ReadAction","target":["https:\/\/www.imagenia.eu\/fr\/"]}]},{"@type":"ImageObject","inLanguage":"fr-FR","@id":"https:\/\/www.imagenia.eu\/fr\/#primaryimage","url":"https:\/\/www.imagenia.eu\/wp-content\/uploads\/2014\/02\/fotomontaje-solo.jpg","contentUrl":"https:\/\/www.imagenia.eu\/wp-content\/uploads\/2014\/02\/fotomontaje-solo.jpg"},{"@type":"WebSite","@id":"https:\/\/www.imagenia.eu\/#website","url":"https:\/\/www.imagenia.eu\/","name":"Imagenia","description":"Consultora de imagen de empresas y profesionales en Tenerife, Canarias.","potentialAction":[{"@type":"SearchAction","target":{"@type":"EntryPoint","urlTemplate":"https:\/\/www.imagenia.eu\/?s={search_term_string}"},"query-input":{"@type":"PropertyValueSpecification","valueRequired":true,"valueName":"search_term_string"}}],"inLanguage":"fr-FR"}]}},"_links":{"self":[{"href":"https:\/\/www.imagenia.eu\/fr\/wp-json\/wp\/v2\/pages\/7826","targetHints":{"allow":["GET"]}}],"collection":[{"href":"https:\/\/www.imagenia.eu\/fr\/wp-json\/wp\/v2\/pages"}],"about":[{"href":"https:\/\/www.imagenia.eu\/fr\/wp-json\/wp\/v2\/types\/page"}],"author":[{"embeddable":true,"href":"https:\/\/www.imagenia.eu\/fr\/wp-json\/wp\/v2\/users\/4"}],"replies":[{"embeddable":true,"href":"https:\/\/www.imagenia.eu\/fr\/wp-json\/wp\/v2\/comments?post=7826"}],"version-history":[{"count":12,"href":"https:\/\/www.imagenia.eu\/fr\/wp-json\/wp\/v2\/pages\/7826\/revisions"}],"predecessor-version":[{"id":21227,"href":"https:\/\/www.imagenia.eu\/fr\/wp-json\/wp\/v2\/pages\/7826\/revisions\/21227"}],"wp:attachment":[{"href":"https:\/\/www.imagenia.eu\/fr\/wp-json\/wp\/v2\/media?parent=7826"}],"curies":[{"name":"wp","href":"https:\/\/api.w.org\/{rel}","templated":true}]}}