{"id":7840,"date":"2014-06-07T17:02:30","date_gmt":"2014-06-07T17:02:30","guid":{"rendered":"http:\/\/www.imagenia.eu\/?page_id=7840"},"modified":"2023-12-26T22:10:49","modified_gmt":"2023-12-26T22:10:49","slug":"contact-imagenia","status":"publish","type":"page","link":"https:\/\/www.imagenia.eu\/fr\/contact-imagenia\/","title":{"rendered":"Contact"},"content":{"rendered":"<p><div class=\"fusion-fullwidth fullwidth-box fusion-builder-row-1 hundred-percent-fullwidth non-hundred-percent-height-scrolling\" style=\"--awb-border-radius-top-left:0px;--awb-border-radius-top-right:0px;--awb-border-radius-bottom-right:0px;--awb-border-radius-bottom-left:0px;--awb-overflow:visible;--awb-margin-top:35px;--awb-background-color:rgba(255,255,255,0);--awb-flex-wrap:wrap;\" ><div class=\"fusion-builder-row fusion-row\"><div class=\"fusion-layout-column fusion_builder_column fusion-builder-column-0 fusion_builder_column_1_1 1_1 fusion-one-full fusion-column-first fusion-column-last fusion-column-no-min-height\" style=\"--awb-bg-size:cover;--awb-margin-bottom:0px;\"><div class=\"fusion-column-wrapper fusion-flex-column-wrapper-legacy\"><div class=\"fusion-sep-clear\"><\/div><div class=\"fusion-separator fusion-full-width-sep\" style=\"margin-left: auto;margin-right: auto;width:100%;\"><\/div><div class=\"fusion-sep-clear\"><\/div>\n<div class=\"fusion-clearfix\"><\/div><\/div><\/div><\/div><\/div><div class=\"fusion-fullwidth fullwidth-box fusion-builder-row-2 hundred-percent-fullwidth non-hundred-percent-height-scrolling\" style=\"--awb-border-radius-top-left:0px;--awb-border-radius-top-right:0px;--awb-border-radius-bottom-right:0px;--awb-border-radius-bottom-left:0px;--awb-overflow:visible;--awb-flex-wrap:wrap;\" ><div class=\"fusion-builder-row fusion-row\"><div class=\"fusion-layout-column fusion_builder_column fusion-builder-column-1 fusion_builder_column_1_1 1_1 fusion-one-full fusion-column-first fusion-column-last fusion-column-no-min-height\" style=\"--awb-bg-size:cover;--awb-margin-bottom:0px;\"><div class=\"fusion-column-wrapper fusion-flex-column-wrapper-legacy\"><div class=\"fusion-title title fusion-title-1 fusion-sep-none fusion-title-text fusion-title-size-two\" style=\"--awb-margin-top-small:10px;--awb-margin-right-small:0px;--awb-margin-bottom-small:10px;--awb-margin-left-small:0px;\"><h2 class=\"fusion-title-heading title-heading-left\" style=\"margin:0;\">Donn\u00e9es de contact avec Imagenia<\/h2><\/div>\n<div class=\"fusion-clearfix\"><\/div><\/div><\/div><div class=\"fusion-layout-column fusion_builder_column fusion-builder-column-2 fusion_builder_column_1_1 1_1 fusion-one-full fusion-column-first fusion-column-last fusion-column-no-min-height\" style=\"--awb-bg-size:cover;--awb-margin-bottom:0px;\"><div class=\"fusion-column-wrapper fusion-flex-column-wrapper-legacy\"><div class=\"accordian fusion-accordian\" style=\"--awb-border-size:1px;--awb-icon-size:16px;--awb-content-font-size:13px;--awb-icon-alignment:left;--awb-hover-color:var(--awb-color2);--awb-border-color:var(--awb-color3);--awb-background-color:var(--awb-color1);--awb-divider-color:#e0dede;--awb-divider-hover-color:#e0dede;--awb-icon-color:var(--awb-color1);--awb-title-color:#333333;--awb-content-color:#747474;--awb-icon-box-color:#333333;--awb-toggle-hover-accent-color:#a0ce4e;--awb-title-font-family:&quot;Antic Slab&quot;;--awb-title-font-weight:400;--awb-title-font-style:normal;--awb-content-font-family:&quot;Antic Slab&quot;;--awb-content-font-style:normal;--awb-content-font-weight:400;\"><div class=\"panel-group fusion-toggle-icon-boxed\" id=\"accordion-7840-1\"><\/div><\/div>\n<div class=\"fusion-panel panel-default panel-7f169d839ce63b92d fusion-toggle-has-divider\"><div class=\"panel-heading\"><h4 class=\"panel-title toggle\" id=\"toggle_7f169d839ce63b92d\"><a class=\"active\" aria-expanded=\"true\" aria-controls=\"7f169d839ce63b92d\" role=\"button\" data-toggle=\"collapse\" data-parent=\"#accordion-7840-2\" data-target=\"#7f169d839ce63b92d\" href=\"#7f169d839ce63b92d\"><span class=\"fusion-toggle-icon-wrapper\" aria-hidden=\"true\"><i class=\"fa-fusion-box active-icon awb-icon-minus\" aria-hidden=\"true\"><\/i><i class=\"fa-fusion-box inactive-icon awb-icon-plus\" aria-hidden=\"true\"><\/i><\/span><span class=\"fusion-toggle-heading\">Instructions<\/span><\/a><\/h4><\/div><div id=\"7f169d839ce63b92d\" class=\"panel-collapse collapse in\" aria-labelledby=\"toggle_7f169d839ce63b92d\"><div class=\"panel-body toggle-content fusion-clearfix\">Pour demander un rendez-vous ou un devis des services qu&rsquo;Imagenia vous offrit, vous pouvez contacter avec nous par t\u00e9l\u00e9phone ou par e-mail en remplissant le formulaire au bas de page.<\/div><\/div><\/div>\n<div class=\"fusion-panel panel-default panel-01a4b7a3c40eaad8d fusion-toggle-has-divider\"><div class=\"panel-heading\"><h4 class=\"panel-title toggle\" id=\"toggle_01a4b7a3c40eaad8d\"><a class=\"active\" aria-expanded=\"true\" aria-controls=\"01a4b7a3c40eaad8d\" role=\"button\" data-toggle=\"collapse\" data-parent=\"#accordion-7840-2\" data-target=\"#01a4b7a3c40eaad8d\" href=\"#01a4b7a3c40eaad8d\"><span class=\"fusion-toggle-icon-wrapper\" aria-hidden=\"true\"><i class=\"fa-fusion-box active-icon awb-icon-minus\" aria-hidden=\"true\"><\/i><i class=\"fa-fusion-box inactive-icon awb-icon-plus\" aria-hidden=\"true\"><\/i><\/span><span class=\"fusion-toggle-heading\">T\u00e9l\u00e9phone<\/span><\/a><\/h4><\/div><div id=\"01a4b7a3c40eaad8d\" class=\"panel-collapse collapse in\" aria-labelledby=\"toggle_01a4b7a3c40eaad8d\"><div class=\"panel-body toggle-content fusion-clearfix\">+34\u00a0619 05 65 89<\/div><\/div><\/div>\n<div class=\"fusion-panel panel-default panel-065ad99cbd9a2c81c fusion-toggle-has-divider\"><div class=\"panel-heading\"><h4 class=\"panel-title toggle\" id=\"toggle_065ad99cbd9a2c81c\"><a class=\"active\" aria-expanded=\"true\" aria-controls=\"065ad99cbd9a2c81c\" role=\"button\" data-toggle=\"collapse\" data-parent=\"#accordion-7840-2\" data-target=\"#065ad99cbd9a2c81c\" href=\"#065ad99cbd9a2c81c\"><span class=\"fusion-toggle-icon-wrapper\" aria-hidden=\"true\"><i class=\"fa-fusion-box active-icon awb-icon-minus\" aria-hidden=\"true\"><\/i><i class=\"fa-fusion-box inactive-icon awb-icon-plus\" aria-hidden=\"true\"><\/i><\/span><span class=\"fusion-toggle-heading\">E-mail<\/span><\/a><\/h4><\/div><div id=\"065ad99cbd9a2c81c\" class=\"panel-collapse collapse in\" aria-labelledby=\"toggle_065ad99cbd9a2c81c\"><div class=\"panel-body toggle-content fusion-clearfix\">info@imagenia.eu<\/div><\/div><\/div>\n<div class=\"fusion-panel panel-default panel-d1a21b0a7d859b985 fusion-toggle-has-divider\"><div class=\"panel-heading\"><h4 class=\"panel-title toggle\" id=\"toggle_d1a21b0a7d859b985\"><a class=\"active\" aria-expanded=\"true\" aria-controls=\"d1a21b0a7d859b985\" role=\"button\" data-toggle=\"collapse\" data-parent=\"#accordion-7840-2\" data-target=\"#d1a21b0a7d859b985\" href=\"#d1a21b0a7d859b985\"><span class=\"fusion-toggle-icon-wrapper\" aria-hidden=\"true\"><i class=\"fa-fusion-box active-icon awb-icon-minus\" aria-hidden=\"true\"><\/i><i class=\"fa-fusion-box inactive-icon awb-icon-plus\" aria-hidden=\"true\"><\/i><\/span><span class=\"fusion-toggle-heading\">Nos sites<\/span><\/a><\/h4><\/div><div id=\"d1a21b0a7d859b985\" class=\"panel-collapse collapse in\" aria-labelledby=\"toggle_d1a21b0a7d859b985\"><div class=\"panel-body toggle-content fusion-clearfix\"><\/div><\/div><\/div><div class=\"fusion-builder-row fusion-builder-row-inner fusion-row\"><\/div><div class=\"fusion-layout-column fusion_builder_column_inner fusion-builder-nested-column-0 fusion_builder_column_inner_1_2 1_2 fusion-one-half fusion-column-first\" style=\"--awb-bg-size:cover;width:50%;width:calc(50% - ( ( 4% ) * 0.5 ) );margin-right: 4%;\"><div class=\"fusion-column-wrapper fusion-flex-column-wrapper-legacy\"><div class=\"fusion-clearfix\"><\/div><\/div><\/div>\n<div class=\"fusion-clearfix\"><\/div><\/div><\/div><div class=\"fusion-layout-column fusion_builder_column fusion-builder-column-3 fusion_builder_column_1_1 1_1 fusion-one-full fusion-column-first fusion-column-last fusion-column-no-min-height\" style=\"--awb-bg-size:cover;--awb-margin-bottom:0px;\"><div class=\"fusion-column-wrapper fusion-flex-column-wrapper-legacy\"><ul style=\"--awb-iconcolor:light;--awb-line-height:27.2px;--awb-icon-width:27.2px;--awb-icon-height:27.2px;--awb-icon-margin:11.2px;--awb-content-margin:38.4px;--awb-circlecolor:#a0ce4e;--awb-circle-yes-font-size:14.08px;\" class=\"fusion-checklist fusion-checklist-1 fusion-checklist-default type-icons\">\n\n<li class=\"fusion-li-item\" style=\"\"><span class=\"icon-wrapper circle-yes\"><i class=\"fusion-li-icon fa fa-check-square-o\" aria-hidden=\"true\"><\/i><\/span><div class=\"fusion-li-item-content\"><a href=\"https:\/\/www.imagenia.eu\"><span style=\"line-height: 1.5em;\">www.imagenia.eu<\/span><\/a><\/div><\/li>\n<li class=\"fusion-li-item\" style=\"\"><span class=\"icon-wrapper circle-yes\"><i class=\"fusion-li-icon fa fa-check-square-o\" aria-hidden=\"true\"><\/i><\/span><div class=\"fusion-li-item-content\"><a href=\"http:\/\/www.carlosgarciagil.com\">www.carlosgarciagil.com<\/a><\/div><\/li>\n\n<\/ul>\n[\/fusion_builder_column_inner]\n<div class=\"fusion-clearfix\"><\/div><\/div><\/div><div class=\"fusion-layout-column fusion_builder_column fusion-builder-column-4 fusion_builder_column_1_2 1_2 fusion-one-half fusion-column-first\" style=\"--awb-bg-size:cover;width:50%;width:calc(50% - ( ( 4% ) * 0.5 ) );margin-right: 4%;\"><div class=\"fusion-column-wrapper fusion-flex-column-wrapper-legacy\">\n<ul style=\"--awb-iconcolor:light;--awb-line-height:27.2px;--awb-icon-width:27.2px;--awb-icon-height:27.2px;--awb-icon-margin:11.2px;--awb-content-margin:38.4px;--awb-circlecolor:#a0ce4e;--awb-circle-yes-font-size:14.08px;\" class=\"fusion-checklist fusion-checklist-2 fusion-checklist-default type-icons\">\n\n<li class=\"fusion-li-item\" style=\"\"><span class=\"icon-wrapper circle-yes\"><i class=\"fusion-li-icon fa fa-check-square-o\" aria-hidden=\"true\"><\/i><\/span><div class=\"fusion-li-item-content\"><a href=\"http:\/\/www.empresasentenerife.com\"><span style=\"line-height: 1.5em;\">www.empresasentenerife.com<\/span><\/a><\/div><\/li>\n<li class=\"fusion-li-item\" style=\"\"><span class=\"icon-wrapper circle-yes\"><i class=\"fusion-li-icon fa fa-check-square-o\" aria-hidden=\"true\"><\/i><\/span><div class=\"fusion-li-item-content\"><a href=\"http:\/\/www.encuadremagico.com\">www.encuadremagico.com<\/a><\/div><\/li>\n\n<\/ul>\n<div class=\"fusion-clearfix\"><\/div><\/div><\/div>\n[\/fusion_toggle]\n<h2>\u00a0 \u00a0 \u00a0 \u00a0\u00a0<a href=\"https:\/\/www.imagenia.eu\/wp-content\/uploads\/2013\/12\/imagenia-centrado.jpg\"><img decoding=\"async\" class=\"aligncenter size-thumbnail wp-image-4901\" alt=\"imagenia centrado\" src=\"https:\/\/www.imagenia.eu\/wp-content\/uploads\/2013\/12\/imagenia-centrado-150x107.jpg\" width=\"150\" height=\"107\" srcset=\"https:\/\/www.imagenia.eu\/wp-content\/uploads\/2013\/12\/imagenia-centrado-150x107.jpg 150w, https:\/\/www.imagenia.eu\/wp-content\/uploads\/2013\/12\/imagenia-centrado-300x214.jpg 300w, https:\/\/www.imagenia.eu\/wp-content\/uploads\/2013\/12\/imagenia-centrado.jpg 903w\" sizes=\"(max-width: 150px) 100vw, 150px\" \/><\/a><\/h2>\n<h2><\/h2>\n<p style=\"text-align: center;\"><a href=\"https:\/\/www.imagenia.eu\/wp-content\/uploads\/2013\/12\/banner-imagenia-2.jpg\"><img decoding=\"async\" class=\"aligncenter size-full wp-image-4904\" alt=\"banner imagenia 2\" src=\"https:\/\/www.imagenia.eu\/wp-content\/uploads\/2013\/12\/banner-imagenia-2.jpg\" width=\"940\" height=\"90\" srcset=\"https:\/\/www.imagenia.eu\/wp-content\/uploads\/2013\/12\/banner-imagenia-2-150x14.jpg 150w, https:\/\/www.imagenia.eu\/wp-content\/uploads\/2013\/12\/banner-imagenia-2-300x28.jpg 300w, https:\/\/www.imagenia.eu\/wp-content\/uploads\/2013\/12\/banner-imagenia-2.jpg 940w\" sizes=\"(max-width: 940px) 100vw, 940px\" \/><\/a><\/p>\n<\/div><\/div><\/p>\n","protected":false},"excerpt":{"rendered":"","protected":false},"author":4,"featured_media":0,"parent":0,"menu_order":0,"comment_status":"closed","ping_status":"closed","template":"","meta":{"footnotes":""},"class_list":["post-7840","page","type-page","status-publish","hentry"],"yoast_head":"<!-- This site is optimized with the Yoast SEO plugin v27.3 - https:\/\/yoast.com\/product\/yoast-seo-wordpress\/ -->\n<title>Contact imagenia, conseil en image pour les entreprises en Canarias<\/title>\n<meta name=\"description\" content=\"Contact imagenia, conseil en image pur les entreprises \u00e0 T\u00e9n\u00e9rife, \u00celes Canaries. Services de marketing digital, Google Maps Business View. Tel +34619056589\" \/>\n<meta name=\"robots\" content=\"index, follow, max-snippet:-1, max-image-preview:large, max-video-preview:-1\" \/>\n<link rel=\"canonical\" href=\"https:\/\/www.imagenia.eu\/fr\/contact-imagenia\/\" \/>\n<meta property=\"og:locale\" content=\"fr_FR\" \/>\n<meta property=\"og:type\" content=\"article\" \/>\n<meta property=\"og:title\" content=\"Contact imagenia, conseil en image pour les entreprises en Canarias\" \/>\n<meta property=\"og:description\" content=\"Contact imagenia, conseil en image pur les entreprises \u00e0 T\u00e9n\u00e9rife, \u00celes Canaries. Services de marketing digital, Google Maps Business View. Tel +34619056589\" \/>\n<meta property=\"og:url\" content=\"https:\/\/www.imagenia.eu\/fr\/contact-imagenia\/\" \/>\n<meta property=\"og:site_name\" content=\"Imagenia\" \/>\n<meta property=\"article:modified_time\" content=\"2023-12-26T22:10:49+00:00\" \/>\n<meta property=\"og:image\" content=\"https:\/\/www.imagenia.eu\/wp-content\/uploads\/2013\/12\/imagenia-centrado-150x107.jpg\" \/>\n<meta name=\"twitter:label1\" content=\"Dur\u00e9e de lecture estim\u00e9e\" \/>\n\t<meta name=\"twitter:data1\" content=\"2 minutes\" \/>\n<script type=\"application\/ld+json\" class=\"yoast-schema-graph\">{\"@context\":\"https:\\\/\\\/schema.org\",\"@graph\":[{\"@type\":\"WebPage\",\"@id\":\"https:\\\/\\\/www.imagenia.eu\\\/fr\\\/contact-imagenia\\\/\",\"url\":\"https:\\\/\\\/www.imagenia.eu\\\/fr\\\/contact-imagenia\\\/\",\"name\":\"Contact imagenia, conseil en image pour les entreprises en Canarias\",\"isPartOf\":{\"@id\":\"https:\\\/\\\/www.imagenia.eu\\\/#website\"},\"primaryImageOfPage\":{\"@id\":\"https:\\\/\\\/www.imagenia.eu\\\/fr\\\/contact-imagenia\\\/#primaryimage\"},\"image\":{\"@id\":\"https:\\\/\\\/www.imagenia.eu\\\/fr\\\/contact-imagenia\\\/#primaryimage\"},\"thumbnailUrl\":\"https:\\\/\\\/www.imagenia.eu\\\/wp-content\\\/uploads\\\/2013\\\/12\\\/imagenia-centrado-150x107.jpg\",\"datePublished\":\"2014-06-07T17:02:30+00:00\",\"dateModified\":\"2023-12-26T22:10:49+00:00\",\"description\":\"Contact imagenia, conseil en image pur les entreprises \u00e0 T\u00e9n\u00e9rife, \u00celes Canaries. Services de marketing digital, Google Maps Business View. Tel +34619056589\",\"inLanguage\":\"fr-FR\",\"potentialAction\":[{\"@type\":\"ReadAction\",\"target\":[\"https:\\\/\\\/www.imagenia.eu\\\/fr\\\/contact-imagenia\\\/\"]}]},{\"@type\":\"ImageObject\",\"inLanguage\":\"fr-FR\",\"@id\":\"https:\\\/\\\/www.imagenia.eu\\\/fr\\\/contact-imagenia\\\/#primaryimage\",\"url\":\"https:\\\/\\\/www.imagenia.eu\\\/wp-content\\\/uploads\\\/2013\\\/12\\\/imagenia-centrado-150x107.jpg\",\"contentUrl\":\"https:\\\/\\\/www.imagenia.eu\\\/wp-content\\\/uploads\\\/2013\\\/12\\\/imagenia-centrado-150x107.jpg\"},{\"@type\":\"WebSite\",\"@id\":\"https:\\\/\\\/www.imagenia.eu\\\/#website\",\"url\":\"https:\\\/\\\/www.imagenia.eu\\\/\",\"name\":\"Imagenia\",\"description\":\"Consultora de imagen de empresas y profesionales en Tenerife, Canarias.\",\"potentialAction\":[{\"@type\":\"SearchAction\",\"target\":{\"@type\":\"EntryPoint\",\"urlTemplate\":\"https:\\\/\\\/www.imagenia.eu\\\/?s={search_term_string}\"},\"query-input\":{\"@type\":\"PropertyValueSpecification\",\"valueRequired\":true,\"valueName\":\"search_term_string\"}}],\"inLanguage\":\"fr-FR\"}]}<\/script>\n<!-- \/ Yoast SEO plugin. -->","yoast_head_json":{"title":"Contact imagenia, conseil en image pour les entreprises en Canarias","description":"Contact imagenia, conseil en image pur les entreprises \u00e0 T\u00e9n\u00e9rife, \u00celes Canaries. Services de marketing digital, Google Maps Business View. Tel +34619056589","robots":{"index":"index","follow":"follow","max-snippet":"max-snippet:-1","max-image-preview":"max-image-preview:large","max-video-preview":"max-video-preview:-1"},"canonical":"https:\/\/www.imagenia.eu\/fr\/contact-imagenia\/","og_locale":"fr_FR","og_type":"article","og_title":"Contact imagenia, conseil en image pour les entreprises en Canarias","og_description":"Contact imagenia, conseil en image pur les entreprises \u00e0 T\u00e9n\u00e9rife, \u00celes Canaries. Services de marketing digital, Google Maps Business View. Tel +34619056589","og_url":"https:\/\/www.imagenia.eu\/fr\/contact-imagenia\/","og_site_name":"Imagenia","article_modified_time":"2023-12-26T22:10:49+00:00","og_image":[{"url":"https:\/\/www.imagenia.eu\/wp-content\/uploads\/2013\/12\/imagenia-centrado-150x107.jpg","type":"","width":"","height":""}],"twitter_misc":{"Dur\u00e9e de lecture estim\u00e9e":"2 minutes"},"schema":{"@context":"https:\/\/schema.org","@graph":[{"@type":"WebPage","@id":"https:\/\/www.imagenia.eu\/fr\/contact-imagenia\/","url":"https:\/\/www.imagenia.eu\/fr\/contact-imagenia\/","name":"Contact imagenia, conseil en image pour les entreprises en Canarias","isPartOf":{"@id":"https:\/\/www.imagenia.eu\/#website"},"primaryImageOfPage":{"@id":"https:\/\/www.imagenia.eu\/fr\/contact-imagenia\/#primaryimage"},"image":{"@id":"https:\/\/www.imagenia.eu\/fr\/contact-imagenia\/#primaryimage"},"thumbnailUrl":"https:\/\/www.imagenia.eu\/wp-content\/uploads\/2013\/12\/imagenia-centrado-150x107.jpg","datePublished":"2014-06-07T17:02:30+00:00","dateModified":"2023-12-26T22:10:49+00:00","description":"Contact imagenia, conseil en image pur les entreprises \u00e0 T\u00e9n\u00e9rife, \u00celes Canaries. Services de marketing digital, Google Maps Business View. Tel +34619056589","inLanguage":"fr-FR","potentialAction":[{"@type":"ReadAction","target":["https:\/\/www.imagenia.eu\/fr\/contact-imagenia\/"]}]},{"@type":"ImageObject","inLanguage":"fr-FR","@id":"https:\/\/www.imagenia.eu\/fr\/contact-imagenia\/#primaryimage","url":"https:\/\/www.imagenia.eu\/wp-content\/uploads\/2013\/12\/imagenia-centrado-150x107.jpg","contentUrl":"https:\/\/www.imagenia.eu\/wp-content\/uploads\/2013\/12\/imagenia-centrado-150x107.jpg"},{"@type":"WebSite","@id":"https:\/\/www.imagenia.eu\/#website","url":"https:\/\/www.imagenia.eu\/","name":"Imagenia","description":"Consultora de imagen de empresas y profesionales en Tenerife, Canarias.","potentialAction":[{"@type":"SearchAction","target":{"@type":"EntryPoint","urlTemplate":"https:\/\/www.imagenia.eu\/?s={search_term_string}"},"query-input":{"@type":"PropertyValueSpecification","valueRequired":true,"valueName":"search_term_string"}}],"inLanguage":"fr-FR"}]}},"_links":{"self":[{"href":"https:\/\/www.imagenia.eu\/fr\/wp-json\/wp\/v2\/pages\/7840","targetHints":{"allow":["GET"]}}],"collection":[{"href":"https:\/\/www.imagenia.eu\/fr\/wp-json\/wp\/v2\/pages"}],"about":[{"href":"https:\/\/www.imagenia.eu\/fr\/wp-json\/wp\/v2\/types\/page"}],"author":[{"embeddable":true,"href":"https:\/\/www.imagenia.eu\/fr\/wp-json\/wp\/v2\/users\/4"}],"replies":[{"embeddable":true,"href":"https:\/\/www.imagenia.eu\/fr\/wp-json\/wp\/v2\/comments?post=7840"}],"version-history":[{"count":1,"href":"https:\/\/www.imagenia.eu\/fr\/wp-json\/wp\/v2\/pages\/7840\/revisions"}],"predecessor-version":[{"id":7841,"href":"https:\/\/www.imagenia.eu\/fr\/wp-json\/wp\/v2\/pages\/7840\/revisions\/7841"}],"wp:attachment":[{"href":"https:\/\/www.imagenia.eu\/fr\/wp-json\/wp\/v2\/media?parent=7840"}],"curies":[{"name":"wp","href":"https:\/\/api.w.org\/{rel}","templated":true}]}}