{"id":9161,"date":"2014-08-31T21:11:44","date_gmt":"2014-08-31T21:11:44","guid":{"rendered":"http:\/\/www.imagenia.eu\/?page_id=9161"},"modified":"2023-12-26T22:10:48","modified_gmt":"2023-12-26T22:10:48","slug":"inizio","status":"publish","type":"page","link":"https:\/\/www.imagenia.eu\/it\/","title":{"rendered":"Inizio"},"content":{"rendered":"<p><div class=\"fusion-fullwidth fullwidth-box fusion-builder-row-1 hundred-percent-fullwidth non-hundred-percent-height-scrolling\" style=\"--awb-border-radius-top-left:0px;--awb-border-radius-top-right:0px;--awb-border-radius-bottom-right:0px;--awb-border-radius-bottom-left:0px;--awb-overflow:visible;--awb-margin-top:30px;--awb-background-color:rgba(255,255,255,0);--awb-flex-wrap:wrap;\" ><div class=\"fusion-builder-row fusion-row\"><div class=\"fusion-layout-column fusion_builder_column fusion-builder-column-0 fusion_builder_column_1_1 1_1 fusion-one-full fusion-column-first fusion-column-last fusion-column-no-min-height\" style=\"--awb-bg-size:cover;--awb-margin-bottom:0px;\"><div class=\"fusion-column-wrapper fusion-flex-column-wrapper-legacy\"><div class=\"fusion-sep-clear\"><\/div><div class=\"fusion-separator fusion-full-width-sep\" style=\"margin-left: auto;margin-right: auto;width:100%;\"><\/div><div class=\"fusion-sep-clear\"><\/div>\n<div class=\"fusion-clearfix\"><\/div><\/div><\/div><\/div><\/div><div class=\"fusion-fullwidth fullwidth-box fusion-builder-row-2 hundred-percent-fullwidth non-hundred-percent-height-scrolling\" style=\"--awb-border-radius-top-left:0px;--awb-border-radius-top-right:0px;--awb-border-radius-bottom-right:0px;--awb-border-radius-bottom-left:0px;--awb-overflow:visible;--awb-flex-wrap:wrap;\" ><div class=\"fusion-builder-row fusion-row\"><div class=\"fusion-layout-column fusion_builder_column fusion-builder-column-1 fusion_builder_column_1_4 1_4 fusion-one-fourth fusion-column-first\" style=\"--awb-bg-size:cover;width:25%;width:calc(25% - ( ( 4% + 4% + 4% ) * 0.25 ) );margin-right: 4%;\"><div class=\"fusion-column-wrapper fusion-flex-column-wrapper-legacy\">\n<a href=\"http:\/\/www.carlosgarciagil.com\"><img decoding=\"async\" src=\"https:\/\/www.imagenia.eu\/wp-content\/uploads\/2014\/02\/fotomontaje-solo.jpg\" alt=\"\" \/><\/a><\/p>\n<h2>Fotografia Professionale<\/h2>\n<p>Imagenia si affida al fot\u00f3grafo professionale <a href=\"http:\/\/carlosgarciagil.com\"> Carlos Garc\u00eda Gil<\/a> per fornire alla sua impresa un\u2019immagine al passo con le nuove tendenze.<div class=\"fusion-clearfix\"><\/div><\/div><\/div>\n<div class=\"fusion-layout-column fusion_builder_column fusion-builder-column-2 fusion_builder_column_1_4 1_4 fusion-one-fourth\" style=\"--awb-bg-size:cover;width:25%;width:calc(25% - ( ( 4% + 4% + 4% ) * 0.25 ) );margin-right: 4%;\"><div class=\"fusion-column-wrapper fusion-flex-column-wrapper-legacy\">\n<img decoding=\"async\" class=\"aligncenter size-full wp-image-6467\" src=\"https:\/\/www.imagenia.eu\/wp-content\/uploads\/2013\/01\/seo-logo.jpg\" alt=\"seo logo\" width=\"940\" height=\"475\" srcset=\"https:\/\/www.imagenia.eu\/wp-content\/uploads\/2013\/01\/seo-logo-150x75.jpg 150w, https:\/\/www.imagenia.eu\/wp-content\/uploads\/2013\/01\/seo-logo-300x151.jpg 300w, https:\/\/www.imagenia.eu\/wp-content\/uploads\/2013\/01\/seo-logo-540x272.jpg 540w, https:\/\/www.imagenia.eu\/wp-content\/uploads\/2013\/01\/seo-logo.jpg 940w\" sizes=\"(max-width: 940px) 100vw, 940px\" \/><\/p>\n<h2>Elenchi SEO<\/h2>\n<p>Imagenia si affida a poderosi strumenti per far s\u00ec che la tua impresa appaia tra i primi risultati di ricerca di Google.<div class=\"fusion-clearfix\"><\/div><\/div><\/div>\n<div class=\"fusion-layout-column fusion_builder_column fusion-builder-column-3 fusion_builder_column_1_4 1_4 fusion-one-fourth\" style=\"--awb-bg-size:cover;width:25%;width:calc(25% - ( ( 4% + 4% + 4% ) * 0.25 ) );margin-right: 4%;\"><div class=\"fusion-column-wrapper fusion-flex-column-wrapper-legacy\">\n<img decoding=\"async\" class=\"aligncenter size-full wp-image-6469\" src=\"https:\/\/www.imagenia.eu\/wp-content\/uploads\/2013\/01\/social-media-logo.jpg\" alt=\"social media logo\" width=\"940\" height=\"475\" srcset=\"https:\/\/www.imagenia.eu\/wp-content\/uploads\/2013\/01\/social-media-logo-150x75.jpg 150w, https:\/\/www.imagenia.eu\/wp-content\/uploads\/2013\/01\/social-media-logo-300x151.jpg 300w, https:\/\/www.imagenia.eu\/wp-content\/uploads\/2013\/01\/social-media-logo-540x272.jpg 540w, https:\/\/www.imagenia.eu\/wp-content\/uploads\/2013\/01\/social-media-logo.jpg 940w\" sizes=\"(max-width: 940px) 100vw, 940px\" \/><\/p>\n<h2>Community Managers<\/h2>\n<p>Imagenia porter\u00e0 la sua impresa a nuove quote di popolarit\u00e0 attraverso una campagna di promozione di immagine nelle varie reti social.<div class=\"fusion-clearfix\"><\/div><\/div><\/div>\n<div class=\"fusion-layout-column fusion_builder_column fusion-builder-column-4 fusion_builder_column_1_4 1_4 fusion-one-fourth fusion-column-last\" style=\"--awb-bg-size:cover;width:25%;width:calc(25% - ( ( 4% + 4% + 4% ) * 0.25 ) );\"><div class=\"fusion-column-wrapper fusion-flex-column-wrapper-legacy\">\n<a href=\"https:\/\/www.imagenia.eu\/wp-content\/uploads\/2013\/01\/google-street-view-banner.jpg\"><img decoding=\"async\" class=\"aligncenter size-full wp-image-21220\" src=\"https:\/\/www.imagenia.eu\/wp-content\/uploads\/2013\/01\/google-street-view-banner.jpg\" alt=\"google street view banner\" width=\"940\" height=\"475\" srcset=\"https:\/\/www.imagenia.eu\/wp-content\/uploads\/2013\/01\/google-street-view-banner-150x76.jpg 150w, https:\/\/www.imagenia.eu\/wp-content\/uploads\/2013\/01\/google-street-view-banner-300x152.jpg 300w, https:\/\/www.imagenia.eu\/wp-content\/uploads\/2013\/01\/google-street-view-banner-540x272.jpg 540w, https:\/\/www.imagenia.eu\/wp-content\/uploads\/2013\/01\/google-street-view-banner.jpg 940w\" sizes=\"(max-width: 940px) 100vw, 940px\" \/><\/a><\/p>\n<h2>Google Street View<\/h2>\n<p>Imagenia le fornir\u00e0 un tour virtuale interattivo del suo negozio o impresa attraverso la tecnolog\u00eda di Street View di Google Maps.<div class=\"fusion-clearfix\"><\/div><\/div><\/div>\n<div class=\"fusion-layout-column fusion_builder_column fusion-builder-column-5 fusion_builder_column_1_1 1_1 fusion-one-full fusion-column-first fusion-column-last fusion-column-no-min-height\" style=\"--awb-bg-size:cover;--awb-margin-bottom:0px;\"><div class=\"fusion-column-wrapper fusion-flex-column-wrapper-legacy\"><div class=\"fusion-sep-clear\"><\/div><div class=\"fusion-separator fusion-full-width-sep\" style=\"margin-left: auto;margin-right: auto;margin-top:20px;margin-bottom:20px;width:100%;\"><\/div><div class=\"fusion-sep-clear\"><\/div>\n<div class=\"fusion-clearfix\"><\/div><\/div><\/div><div class=\"fusion-layout-column fusion_builder_column fusion-builder-column-6 fusion_builder_column_1_1 1_1 fusion-one-full fusion-column-first fusion-column-last fusion-column-no-min-height\" style=\"--awb-bg-size:cover;--awb-margin-bottom:0px;\"><div class=\"fusion-column-wrapper fusion-flex-column-wrapper-legacy\"><div class=\"fusion-reading-box-container reading-box-container-1\" style=\"--awb-title-color:#333333;--awb-margin-top:0px;--awb-margin-bottom:84px;\"><div class=\"reading-box\" style=\"background-color:#f6f6f6;border-width:0px;border-color:#f6f6f6;border-left-width:3px;border-left-color:var(--primary_color);border-style:solid;\"><a class=\"button fusion-button button-default fusion-button-default-size button-default-size button-flat fusion-desktop-button fusion-tagline-button continue fusion-desktop-button-margin continue-right\" style=\"-webkit-box-shadow:none;-moz-box-shadow:none;box-shadow:none;border-radius:2px 2px 2px 2px\" href=\"https:\/\/www.imagenia.eu\/it\/contatti\/\" target=\"_self\"><span>Concordare l\u2019appuntamento<\/span><\/a><h2>Negli affari l\u2019 immagine di solito segna la differenza tra il successo e il fracasso<\/h2><div class=\"reading-box-description fusion-reading-box-additional\">Imagenia le offre la soluzione alle nuove tendenze di mercato. Salga sul carro del successo e non permetta che la sua attivit\u00e0 naufraghi.<\/div><div class=\"fusion-clearfix\"><\/div><a class=\"button fusion-button button-default fusion-button-default-size button-default-size button-flat fusion-mobile-button continue-right\" style=\"-webkit-box-shadow:none;-moz-box-shadow:none;box-shadow:none;border-radius:2px 2px 2px 2px\" href=\"https:\/\/www.imagenia.eu\/it\/contatti\/\" target=\"_self\"><span>Concordare l\u2019appuntamento<\/span><\/a><\/div><\/div>\n<div class=\"fusion-sep-clear\"><\/div><div class=\"fusion-separator fusion-full-width-sep\" style=\"margin-left: auto;margin-right: auto;margin-top:-15px;margin-bottom:-15px;width:100%;\"><\/div><div class=\"fusion-sep-clear\"><\/div>\n<div class=\"fusion-clearfix\"><\/div><\/div><\/div><div class=\"fusion-layout-column fusion_builder_column fusion-builder-column-7 fusion_builder_column_1_2 1_2 fusion-one-half fusion-column-first\" style=\"--awb-bg-size:cover;width:50%;width:calc(50% - ( ( 4% ) * 0.5 ) );margin-right: 4%;\"><div class=\"fusion-column-wrapper fusion-flex-column-wrapper-legacy\">\n<div class=\"accordian fusion-accordian\" style=\"--awb-border-size:1px;--awb-icon-size:16px;--awb-content-font-size:13px;--awb-icon-alignment:left;--awb-hover-color:var(--awb-color2);--awb-border-color:var(--awb-color3);--awb-background-color:var(--awb-color1);--awb-divider-color:#e0dede;--awb-divider-hover-color:#e0dede;--awb-icon-color:var(--awb-color1);--awb-title-color:#333333;--awb-content-color:#747474;--awb-icon-box-color:#333333;--awb-toggle-hover-accent-color:#a0ce4e;--awb-title-font-family:&quot;Open Sans&quot;;--awb-title-font-weight:400;--awb-title-font-style:normal;--awb-content-font-family:&quot;Open Sans&quot;;--awb-content-font-style:normal;--awb-content-font-weight:400;\"><div class=\"panel-group fusion-toggle-icon-boxed\" id=\"accordion-9161-1\">\n<div class=\"fusion-panel panel-default panel-486c1ac533510c581 fusion-toggle-has-divider\"><div class=\"panel-heading\"><h4 class=\"panel-title toggle\" id=\"toggle_486c1ac533510c581\"><a class=\"active\" aria-expanded=\"true\" aria-controls=\"486c1ac533510c581\" role=\"button\" data-toggle=\"collapse\" data-parent=\"#accordion-9161-1\" data-target=\"#486c1ac533510c581\" href=\"#486c1ac533510c581\"><span class=\"fusion-toggle-icon-wrapper\" aria-hidden=\"true\"><i class=\"fa-fusion-box active-icon awb-icon-minus\" aria-hidden=\"true\"><\/i><i class=\"fa-fusion-box inactive-icon awb-icon-plus\" aria-hidden=\"true\"><\/i><\/span><span class=\"fusion-toggle-heading\">Il prop\u00f3sito di Imagenia<\/span><\/a><\/h4><\/div><div id=\"486c1ac533510c581\" class=\"panel-collapse collapse in\" aria-labelledby=\"toggle_486c1ac533510c581\"><div class=\"panel-body toggle-content fusion-clearfix\">Come consulente d\u2019 immagine digitale per imprese e professionisti, studieremo a fondo la tua attivit\u00e0 al fine di scegliere una strategia adeguata alla potenzialit\u00e0 del mercato pertinente la sua attivit\u00e0 in qualunque parte del mondo.<\/div><\/div><\/div>\n<div class=\"fusion-panel panel-default panel-4d4e8ec4cdb7cd4e7 fusion-toggle-has-divider\"><div class=\"panel-heading\"><h4 class=\"panel-title toggle\" id=\"toggle_4d4e8ec4cdb7cd4e7\"><a aria-expanded=\"false\" aria-controls=\"4d4e8ec4cdb7cd4e7\" role=\"button\" data-toggle=\"collapse\" data-parent=\"#accordion-9161-1\" data-target=\"#4d4e8ec4cdb7cd4e7\" href=\"#4d4e8ec4cdb7cd4e7\"><span class=\"fusion-toggle-icon-wrapper\" aria-hidden=\"true\"><i class=\"fa-fusion-box active-icon awb-icon-minus\" aria-hidden=\"true\"><\/i><i class=\"fa-fusion-box inactive-icon awb-icon-plus\" aria-hidden=\"true\"><\/i><\/span><span class=\"fusion-toggle-heading\">La filosofia di imagenia<\/span><\/a><\/h4><\/div><div id=\"4d4e8ec4cdb7cd4e7\" class=\"panel-collapse collapse \" aria-labelledby=\"toggle_4d4e8ec4cdb7cd4e7\"><div class=\"panel-body toggle-content fusion-clearfix\">Non esistono obiettivi impossibili, ma obiettivi non riconoscibili. Crediamo profondamente che un cambio di ottica pu\u00f2 condurci al successo. Aver fiducia \u00e8 vincere.<\/div><\/div><\/div>\n<div class=\"fusion-panel panel-default panel-b77896751948cce44 fusion-toggle-has-divider\"><div class=\"panel-heading\"><h4 class=\"panel-title toggle\" id=\"toggle_b77896751948cce44\"><a aria-expanded=\"false\" aria-controls=\"b77896751948cce44\" role=\"button\" data-toggle=\"collapse\" data-parent=\"#accordion-9161-1\" data-target=\"#b77896751948cce44\" href=\"#b77896751948cce44\"><span class=\"fusion-toggle-icon-wrapper\" aria-hidden=\"true\"><i class=\"fa-fusion-box active-icon awb-icon-minus\" aria-hidden=\"true\"><\/i><i class=\"fa-fusion-box inactive-icon awb-icon-plus\" aria-hidden=\"true\"><\/i><\/span><span class=\"fusion-toggle-heading\">La promessa di imagenia<\/span><\/a><\/h4><\/div><div id=\"b77896751948cce44\" class=\"panel-collapse collapse \" aria-labelledby=\"toggle_b77896751948cce44\"><div class=\"panel-body toggle-content fusion-clearfix\">Studio minuzioso, lavoro coscienzioso e dedizione instancabile per raggiungere il successo. Queste sono le nostre promesse pi\u00f9 ferme.<\/div><\/div><\/div>\n<\/div><\/div>\n<div class=\"fusion-clearfix\"><\/div><\/div><\/div>\n<div class=\"fusion-layout-column fusion_builder_column fusion-builder-column-8 fusion_builder_column_1_2 1_2 fusion-one-half fusion-column-last\" style=\"--awb-bg-size:cover;width:50%;width:calc(50% - ( ( 4% ) * 0.5 ) );\"><div class=\"fusion-column-wrapper fusion-flex-column-wrapper-legacy\">\n[fusion_old_tabs tab1=&#8221;Immagine&#8221; tab2=&#8221;Posizionamento&#8221; tab3=&#8221;Reti Sociali&#8221;]\n[fusion_old_tab id=1]\n<i class=\"fb-icon-element-1 fb-icon-element fontawesome-icon fa fa-random circle-yes fusion-text-flow\" style=\"--awb-circlebordersize:1px;--awb-font-size:35.2px;--awb-width:70.4px;--awb-height:70.4px;--awb-line-height:68.4px;--awb-margin-right:20px;\"><\/i>In Imagenia facciamo studi approfonditi e minuziosi sull\u2019 imagine della tua impresa o attivit\u00e0. Con lo scopo di fissare strategie che definiscano l\u2019 immagine ed il corso pi\u00f9 adeguato alle aspettative del tuo mercato potenziale. Appoggiandoci sempre ad un\u2019ampia squadra di professionisti, stabiliremo strategie per dotare la tua attivit\u00e0 di un\u2019immagine attraente, fresca e dinamica che la posizioni nel mercato dei prodotti che rappresenta.<\/p>\n[\/fusion_old_tab]\n[fusion_old_tab id=2]Dopo aver definito una immagine che rappresenti fedelmente i valori e le qualit\u00e0 della tua attivit\u00e0, \u00e8 il momento di immetterla sul mercato e, allo scopo, il mezzo digitale si suppone indispensabile al giorno d\u2019 oggi. Stabiliremo campagne di posizionamento SEO su Google come principale strumento di ricerca online. Strategie di marketing digitale online locale, nazionale e, se opportuno, internazionale in differenti lingue secondo le aspettative e la natura dei clienti potenziali dell\u2019 attivit\u00e0.[\/fusion_old_tab]\n[fusion_old_tab id=3]Dopo aver posizionato la tua attivit\u00e0 o impresa su Google e dopo aver apportato un\u2019 immagine rappresentativa, \u00e8 il momento di dotare l\u2019 attivit\u00e0 di un pubblico potenziale con il quale si possa interagire in maniera comoda e semplice. In questo caso ricorreremo alle reti social che, senza dubbio, sono un mezzo imprescindibile attraverso cui lanciare, promuovere e condividere in modo diretto tutti i movimenti d\u2019affari della tua attivit\u00e0. Metteremo la tua attivit\u00e0 in contatto con il mondo digitale attuale.[\/fusion_old_tab]\n[\/fusion_old_tabs]\n<div class=\"fusion-clearfix\"><\/div><\/div><\/div>\n<div class=\"fusion-layout-column fusion_builder_column fusion-builder-column-9 fusion_builder_column_1_1 1_1 fusion-one-full fusion-column-first fusion-column-last fusion-column-no-min-height\" style=\"--awb-bg-size:cover;--awb-margin-bottom:0px;\"><div class=\"fusion-column-wrapper fusion-flex-column-wrapper-legacy\"><div class=\"fusion-sep-clear\"><\/div><div class=\"fusion-separator fusion-full-width-sep\" style=\"margin-left: auto;margin-right: auto;margin-top:20px;margin-bottom:20px;width:100%;\"><\/div><div class=\"fusion-sep-clear\"><\/div>\n<div class=\"fusion-clearfix\"><\/div><\/div><\/div><div class=\"fusion-layout-column fusion_builder_column fusion-builder-column-10 fusion_builder_column_1_1 1_1 fusion-one-full fusion-column-first fusion-column-last fusion-column-no-min-height\" style=\"--awb-bg-size:cover;--awb-margin-bottom:0px;\"><div class=\"fusion-column-wrapper fusion-flex-column-wrapper-legacy\"><div class=\"fusion-title title fusion-title-1 fusion-title-text fusion-title-size-two\" style=\"--awb-margin-top-small:10px;--awb-margin-right-small:0px;--awb-margin-bottom-small:10px;--awb-margin-left-small:0px;\"><h2 class=\"fusion-title-heading title-heading-left\" style=\"margin:0;\">Resta in contatto con noi!<\/h2><span class=\"awb-title-spacer\"><\/span><div class=\"title-sep-container\"><div class=\"title-sep sep-double sep-solid\" style=\"border-color:#e0dede;\"><\/div><\/div><\/div>\n<div class=\"fusion-clearfix\"><\/div><\/div><\/div><div class=\"fusion-layout-column fusion_builder_column fusion-builder-column-11 fusion_builder_column_1_1 1_1 fusion-one-full fusion-column-first fusion-column-last fusion-column-no-min-height\" style=\"--awb-bg-size:cover;--awb-margin-bottom:0px;\"><div class=\"fusion-column-wrapper fusion-flex-column-wrapper-legacy\"><div class=\"fusion-social-links fusion-social-links-1\" style=\"--awb-margin-top:0px;--awb-margin-right:0px;--awb-margin-bottom:0px;--awb-margin-left:0px;--awb-box-border-top:0px;--awb-box-border-right:0px;--awb-box-border-bottom:0px;--awb-box-border-left:0px;--awb-icon-colors-hover:rgba(190,189,189,0.8);--awb-box-colors-hover:rgba(232,232,232,0.8);--awb-box-border-color:var(--awb-color3);--awb-box-border-color-hover:var(--awb-color4);\"><div class=\"fusion-social-networks color-type-custom\"><div class=\"fusion-social-networks-wrapper\"><a class=\"fusion-social-network-icon fusion-tooltip fusion-facebook awb-icon-facebook\" style=\"color:#bebdbd;font-size:16px;\" data-placement=\"top\" data-title=\"Facebook\" data-toggle=\"tooltip\" title=\"Facebook\" aria-label=\"facebook\" target=\"_blank\" rel=\"noopener noreferrer\" href=\"https:\/\/www.facebook.com\/imageniaconsultant\"><\/a><a class=\"fusion-social-network-icon fusion-tooltip fusion-flickr awb-icon-flickr\" style=\"color:#bebdbd;font-size:16px;\" data-placement=\"top\" data-title=\"Flickr\" data-toggle=\"tooltip\" title=\"Flickr\" aria-label=\"flickr\" target=\"_blank\" rel=\"noopener noreferrer\" href=\"https:\/\/www.flickr.com\/photos\/carlosgarciagil\/\"><\/a><a class=\"fusion-social-network-icon fusion-tooltip fusion-twitter awb-icon-twitter\" style=\"color:#bebdbd;font-size:16px;\" data-placement=\"top\" data-title=\"X\" data-toggle=\"tooltip\" title=\"X\" aria-label=\"twitter\" target=\"_blank\" rel=\"noopener noreferrer\" href=\"https:\/\/twitter.com\/ImageniaC\"><\/a><a class=\"fusion-social-network-icon fusion-tooltip fusion-youtube awb-icon-youtube\" style=\"color:#bebdbd;font-size:16px;\" data-placement=\"top\" data-title=\"YouTube\" data-toggle=\"tooltip\" title=\"YouTube\" aria-label=\"youtube\" target=\"_blank\" rel=\"noopener noreferrer\" href=\"https:\/\/www.youtube.com\/channel\/UCnOp3W-KLJD2_6OjdO-042w\"><\/a><a class=\"fusion-social-network-icon fusion-tooltip fusion-blogger awb-icon-blogger\" style=\"color:#bebdbd;font-size:16px;\" data-placement=\"top\" data-title=\"Blogger\" data-toggle=\"tooltip\" title=\"Blogger\" aria-label=\"blogger\" target=\"_blank\" rel=\"noopener noreferrer\" href=\"http:\/\/www.empresasentenerife.com\/\"><\/a><\/div><\/div><\/div><div class=\"fusion-clearfix\"><\/div><\/div><\/div><\/div><\/div><\/p>\n","protected":false},"excerpt":{"rendered":"","protected":false},"author":4,"featured_media":0,"parent":0,"menu_order":0,"comment_status":"closed","ping_status":"closed","template":"full-width.php","meta":{"footnotes":""},"class_list":["post-9161","page","type-page","status-publish","hentry"],"yoast_head":"<!-- This site is optimized with the Yoast SEO plugin v27.3 - https:\/\/yoast.com\/product\/yoast-seo-wordpress\/ -->\n<title>Inizio | Imagenia<\/title>\n<meta name=\"description\" content=\"Imagenia \u00e8 un consulente di immagine a Tenerife, Isole Canarie, Fotografi professionale a Tenerife, Google Business View, Campagne SEO, Marketing digitale.\" \/>\n<meta name=\"robots\" content=\"index, follow, max-snippet:-1, max-image-preview:large, max-video-preview:-1\" \/>\n<link rel=\"canonical\" href=\"https:\/\/www.imagenia.eu\/it\/\" \/>\n<meta property=\"og:locale\" content=\"it_IT\" \/>\n<meta property=\"og:type\" content=\"article\" \/>\n<meta property=\"og:title\" content=\"Inizio | Imagenia\" \/>\n<meta property=\"og:description\" content=\"Imagenia \u00e8 un consulente di immagine a Tenerife, Isole Canarie, Fotografi professionale a Tenerife, Google Business View, Campagne SEO, Marketing digitale.\" \/>\n<meta property=\"og:url\" content=\"https:\/\/www.imagenia.eu\/it\/\" \/>\n<meta property=\"og:site_name\" content=\"Imagenia\" \/>\n<meta property=\"article:modified_time\" content=\"2023-12-26T22:10:48+00:00\" \/>\n<meta property=\"og:image\" content=\"https:\/\/www.imagenia.eu\/wp-content\/uploads\/2014\/02\/fotomontaje-solo.jpg\" \/>\n<meta name=\"twitter:label1\" content=\"Tempo di lettura stimato\" \/>\n\t<meta name=\"twitter:data1\" content=\"5 minuti\" \/>\n<script type=\"application\/ld+json\" class=\"yoast-schema-graph\">{\"@context\":\"https:\\\/\\\/schema.org\",\"@graph\":[{\"@type\":\"WebPage\",\"@id\":\"https:\\\/\\\/www.imagenia.eu\\\/it\\\/\",\"url\":\"https:\\\/\\\/www.imagenia.eu\\\/it\\\/\",\"name\":\"Inizio | Imagenia\",\"isPartOf\":{\"@id\":\"https:\\\/\\\/www.imagenia.eu\\\/#website\"},\"primaryImageOfPage\":{\"@id\":\"https:\\\/\\\/www.imagenia.eu\\\/it\\\/#primaryimage\"},\"image\":{\"@id\":\"https:\\\/\\\/www.imagenia.eu\\\/it\\\/#primaryimage\"},\"thumbnailUrl\":\"https:\\\/\\\/www.imagenia.eu\\\/wp-content\\\/uploads\\\/2014\\\/02\\\/fotomontaje-solo.jpg\",\"datePublished\":\"2014-08-31T21:11:44+00:00\",\"dateModified\":\"2023-12-26T22:10:48+00:00\",\"description\":\"Imagenia \u00e8 un consulente di immagine a Tenerife, Isole Canarie, Fotografi professionale a Tenerife, Google Business View, Campagne SEO, Marketing digitale.\",\"inLanguage\":\"it-IT\",\"potentialAction\":[{\"@type\":\"ReadAction\",\"target\":[\"https:\\\/\\\/www.imagenia.eu\\\/it\\\/\"]}]},{\"@type\":\"ImageObject\",\"inLanguage\":\"it-IT\",\"@id\":\"https:\\\/\\\/www.imagenia.eu\\\/it\\\/#primaryimage\",\"url\":\"https:\\\/\\\/www.imagenia.eu\\\/wp-content\\\/uploads\\\/2014\\\/02\\\/fotomontaje-solo.jpg\",\"contentUrl\":\"https:\\\/\\\/www.imagenia.eu\\\/wp-content\\\/uploads\\\/2014\\\/02\\\/fotomontaje-solo.jpg\"},{\"@type\":\"WebSite\",\"@id\":\"https:\\\/\\\/www.imagenia.eu\\\/#website\",\"url\":\"https:\\\/\\\/www.imagenia.eu\\\/\",\"name\":\"Imagenia\",\"description\":\"Consultora de imagen de empresas y profesionales en Tenerife, Canarias.\",\"potentialAction\":[{\"@type\":\"SearchAction\",\"target\":{\"@type\":\"EntryPoint\",\"urlTemplate\":\"https:\\\/\\\/www.imagenia.eu\\\/?s={search_term_string}\"},\"query-input\":{\"@type\":\"PropertyValueSpecification\",\"valueRequired\":true,\"valueName\":\"search_term_string\"}}],\"inLanguage\":\"it-IT\"}]}<\/script>\n<!-- \/ Yoast SEO plugin. -->","yoast_head_json":{"title":"Inizio | Imagenia","description":"Imagenia \u00e8 un consulente di immagine a Tenerife, Isole Canarie, Fotografi professionale a Tenerife, Google Business View, Campagne SEO, Marketing digitale.","robots":{"index":"index","follow":"follow","max-snippet":"max-snippet:-1","max-image-preview":"max-image-preview:large","max-video-preview":"max-video-preview:-1"},"canonical":"https:\/\/www.imagenia.eu\/it\/","og_locale":"it_IT","og_type":"article","og_title":"Inizio | Imagenia","og_description":"Imagenia \u00e8 un consulente di immagine a Tenerife, Isole Canarie, Fotografi professionale a Tenerife, Google Business View, Campagne SEO, Marketing digitale.","og_url":"https:\/\/www.imagenia.eu\/it\/","og_site_name":"Imagenia","article_modified_time":"2023-12-26T22:10:48+00:00","og_image":[{"url":"https:\/\/www.imagenia.eu\/wp-content\/uploads\/2014\/02\/fotomontaje-solo.jpg","type":"","width":"","height":""}],"twitter_misc":{"Tempo di lettura stimato":"5 minuti"},"schema":{"@context":"https:\/\/schema.org","@graph":[{"@type":"WebPage","@id":"https:\/\/www.imagenia.eu\/it\/","url":"https:\/\/www.imagenia.eu\/it\/","name":"Inizio | Imagenia","isPartOf":{"@id":"https:\/\/www.imagenia.eu\/#website"},"primaryImageOfPage":{"@id":"https:\/\/www.imagenia.eu\/it\/#primaryimage"},"image":{"@id":"https:\/\/www.imagenia.eu\/it\/#primaryimage"},"thumbnailUrl":"https:\/\/www.imagenia.eu\/wp-content\/uploads\/2014\/02\/fotomontaje-solo.jpg","datePublished":"2014-08-31T21:11:44+00:00","dateModified":"2023-12-26T22:10:48+00:00","description":"Imagenia \u00e8 un consulente di immagine a Tenerife, Isole Canarie, Fotografi professionale a Tenerife, Google Business View, Campagne SEO, Marketing digitale.","inLanguage":"it-IT","potentialAction":[{"@type":"ReadAction","target":["https:\/\/www.imagenia.eu\/it\/"]}]},{"@type":"ImageObject","inLanguage":"it-IT","@id":"https:\/\/www.imagenia.eu\/it\/#primaryimage","url":"https:\/\/www.imagenia.eu\/wp-content\/uploads\/2014\/02\/fotomontaje-solo.jpg","contentUrl":"https:\/\/www.imagenia.eu\/wp-content\/uploads\/2014\/02\/fotomontaje-solo.jpg"},{"@type":"WebSite","@id":"https:\/\/www.imagenia.eu\/#website","url":"https:\/\/www.imagenia.eu\/","name":"Imagenia","description":"Consultora de imagen de empresas y profesionales en Tenerife, Canarias.","potentialAction":[{"@type":"SearchAction","target":{"@type":"EntryPoint","urlTemplate":"https:\/\/www.imagenia.eu\/?s={search_term_string}"},"query-input":{"@type":"PropertyValueSpecification","valueRequired":true,"valueName":"search_term_string"}}],"inLanguage":"it-IT"}]}},"_links":{"self":[{"href":"https:\/\/www.imagenia.eu\/it\/wp-json\/wp\/v2\/pages\/9161","targetHints":{"allow":["GET"]}}],"collection":[{"href":"https:\/\/www.imagenia.eu\/it\/wp-json\/wp\/v2\/pages"}],"about":[{"href":"https:\/\/www.imagenia.eu\/it\/wp-json\/wp\/v2\/types\/page"}],"author":[{"embeddable":true,"href":"https:\/\/www.imagenia.eu\/it\/wp-json\/wp\/v2\/users\/4"}],"replies":[{"embeddable":true,"href":"https:\/\/www.imagenia.eu\/it\/wp-json\/wp\/v2\/comments?post=9161"}],"version-history":[{"count":6,"href":"https:\/\/www.imagenia.eu\/it\/wp-json\/wp\/v2\/pages\/9161\/revisions"}],"predecessor-version":[{"id":21231,"href":"https:\/\/www.imagenia.eu\/it\/wp-json\/wp\/v2\/pages\/9161\/revisions\/21231"}],"wp:attachment":[{"href":"https:\/\/www.imagenia.eu\/it\/wp-json\/wp\/v2\/media?parent=9161"}],"curies":[{"name":"wp","href":"https:\/\/api.w.org\/{rel}","templated":true}]}}